{"id":1299,"date":"2013-05-02T17:09:07","date_gmt":"2013-05-02T15:09:07","guid":{"rendered":"http:\/\/www.barriodemovera.es\/?page_id=1299"},"modified":"2024-11-19T12:13:40","modified_gmt":"2024-11-19T11:13:40","slug":"fiestas-1981","status":"publish","type":"page","link":"http:\/\/www.barriodemovera.es\/?page_id=1299","title":{"rendered":"Fiestas &#8211; 1981"},"content":{"rendered":"<p>Septiembre &#8211; 1.981<\/p>\n<p>Reinas: Elena Artal M\u00ednguez, M\u00aa Eugenia Claver\u00eda Omedes, Mercedes Rubio Almor, Isabel Bailach Alcubierre y Ana Salas Pascual<\/p>\n<p>Comisi\u00f3n: Jos\u00e9 Chaure Larraz (P), Pedro Artal M\u00ednguez (V), Jos\u00e9 Antonio Bailach Villuendas (S), Miguel Asensio Ramos (T), Ricardo Cobo Guti\u00e9rrez (C) Jes\u00fas Gaudes Salvador, Francisco Chaure Fronti\u00f1\u00e1n, Jos\u00e9 M\u00aa Bailach, Juan Jos\u00e9 Chaure y Ernesto Larraz Omedes<\/p>\n<p>&nbsp;<\/p>\n<p><img loading=\"lazy\" decoding=\"async\" class=\"size-full wp-image-1300 aligncenter\" title=\"\" src=\"http:\/\/www.barriodemovera.es\/wp-content\/uploads\/2013\/05\/1981_01.jpg\" alt=\"1981_01\" width=\"375\" height=\"510\" srcset=\"http:\/\/www.barriodemovera.es\/wp-content\/uploads\/2013\/05\/1981_01.jpg 375w, http:\/\/www.barriodemovera.es\/wp-content\/uploads\/2013\/05\/1981_01-220x300.jpg 220w\" sizes=\"auto, (max-width: 375px) 100vw, 375px\" \/><\/p>\n<p><img loading=\"lazy\" decoding=\"async\" class=\"size-full wp-image-1301 aligncenter\" title=\"\" src=\"http:\/\/www.barriodemovera.es\/wp-content\/uploads\/2013\/05\/1981_16_1.jpg\" alt=\"1981_16_1\" width=\"750\" height=\"547\" srcset=\"http:\/\/www.barriodemovera.es\/wp-content\/uploads\/2013\/05\/1981_16_1.jpg 750w, http:\/\/www.barriodemovera.es\/wp-content\/uploads\/2013\/05\/1981_16_1-300x218.jpg 300w\" sizes=\"auto, (max-width: 750px) 100vw, 750px\" \/><\/p>\n<p><img loading=\"lazy\" decoding=\"async\" class=\"size-full wp-image-1757 aligncenter\" title=\"\" src=\"http:\/\/www.barriodemovera.es\/wp-content\/uploads\/2013\/05\/1981_HA_1.jpg\" alt=\"1981_HA_1\" width=\"375\" height=\"783\" srcset=\"http:\/\/www.barriodemovera.es\/wp-content\/uploads\/2013\/05\/1981_HA_1.jpg 375w, http:\/\/www.barriodemovera.es\/wp-content\/uploads\/2013\/05\/1981_HA_1-143x300.jpg 143w\" sizes=\"auto, (max-width: 375px) 100vw, 375px\" \/><\/p>\n<p><a href=\"http:\/\/www.barriodemovera.es\/?attachment_id=3954\" rel=\"attachment wp-att-3954\"><img loading=\"lazy\" decoding=\"async\" class=\"aligncenter wp-image-3954 size-full\" src=\"http:\/\/www.barriodemovera.es\/wp-content\/uploads\/2024\/11\/1981_Reinas_Comision.jpg\" alt=\"\" width=\"1656\" height=\"1155\" srcset=\"http:\/\/www.barriodemovera.es\/wp-content\/uploads\/2024\/11\/1981_Reinas_Comision.jpg 1656w, http:\/\/www.barriodemovera.es\/wp-content\/uploads\/2024\/11\/1981_Reinas_Comision-300x209.jpg 300w, http:\/\/www.barriodemovera.es\/wp-content\/uploads\/2024\/11\/1981_Reinas_Comision-1024x714.jpg 1024w, http:\/\/www.barriodemovera.es\/wp-content\/uploads\/2024\/11\/1981_Reinas_Comision-768x536.jpg 768w, http:\/\/www.barriodemovera.es\/wp-content\/uploads\/2024\/11\/1981_Reinas_Comision-1536x1071.jpg 1536w\" sizes=\"auto, (max-width: 1656px) 100vw, 1656px\" \/><\/a><\/p>\n","protected":false},"excerpt":{"rendered":"<p>Septiembre &#8211; 1.981 Reinas: Elena Artal M\u00ednguez, M\u00aa Eugenia Claver\u00eda Omedes, Mercedes Rubio Almor, Isabel Bailach Alcubierre y Ana Salas Pascual Comisi\u00f3n: Jos\u00e9 Chaure Larraz (P), Pedro Artal M\u00ednguez (V), Jos\u00e9 Antonio Bailach Villuendas (S), Miguel Asensio Ramos (T), Ricardo &hellip; <a href=\"http:\/\/www.barriodemovera.es\/?page_id=1299\">Sigue leyendo <span class=\"meta-nav\">&rarr;<\/span><\/a><\/p>\n","protected":false},"author":1,"featured_media":0,"parent":0,"menu_order":0,"comment_status":"closed","ping_status":"closed","template":"onecolumn-page.php","meta":{"_monsterinsights_skip_tracking":false,"_monsterinsights_sitenote_active":false,"_monsterinsights_sitenote_note":"","_monsterinsights_sitenote_category":0,"footnotes":""},"class_list":["post-1299","page","type-page","status-publish","hentry"],"aioseo_notices":[],"_links":{"self":[{"href":"http:\/\/www.barriodemovera.es\/index.php?rest_route=\/wp\/v2\/pages\/1299","targetHints":{"allow":["GET"]}}],"collection":[{"href":"http:\/\/www.barriodemovera.es\/index.php?rest_route=\/wp\/v2\/pages"}],"about":[{"href":"http:\/\/www.barriodemovera.es\/index.php?rest_route=\/wp\/v2\/types\/page"}],"author":[{"embeddable":true,"href":"http:\/\/www.barriodemovera.es\/index.php?rest_route=\/wp\/v2\/users\/1"}],"replies":[{"embeddable":true,"href":"http:\/\/www.barriodemovera.es\/index.php?rest_route=%2Fwp%2Fv2%2Fcomments&post=1299"}],"version-history":[{"count":6,"href":"http:\/\/www.barriodemovera.es\/index.php?rest_route=\/wp\/v2\/pages\/1299\/revisions"}],"predecessor-version":[{"id":3955,"href":"http:\/\/www.barriodemovera.es\/index.php?rest_route=\/wp\/v2\/pages\/1299\/revisions\/3955"}],"wp:attachment":[{"href":"http:\/\/www.barriodemovera.es\/index.php?rest_route=%2Fwp%2Fv2%2Fmedia&parent=1299"}],"curies":[{"name":"wp","href":"https:\/\/api.w.org\/{rel}","templated":true}]}}