{"id":157,"date":"2013-01-12T16:45:52","date_gmt":"2013-01-12T15:45:52","guid":{"rendered":"http:\/\/wp.barriodemovera.es\/?page_id=157"},"modified":"2023-06-02T16:37:34","modified_gmt":"2023-06-02T14:37:34","slug":"arzobispo-juan-saenz-de-buruaga","status":"publish","type":"page","link":"http:\/\/www.barriodemovera.es\/?page_id=157","title":{"rendered":"Juan S\u00e1enz de Buruaga"},"content":{"rendered":"<p style=\"text-align: justify;\"><a href=\"http:\/\/www.barriodemovera.es\/?attachment_id=3867\" rel=\"attachment wp-att-3867\"><img loading=\"lazy\" decoding=\"async\" class=\"alignleft wp-image-3867 \" src=\"http:\/\/www.barriodemovera.es\/wp-content\/uploads\/2023\/06\/LeonardoOlivera.jpg\" alt=\"\" width=\"129\" height=\"180\" \/><\/a>Don Juan S\u00e1enz de Buruaga y Ortiz de Landaluce naci\u00f3 el 3 de Febrero de 1.707, en Berricano, provincia de Alava; curso sus estudios en la Universidad de Alcal\u00e1 y, con posterioridad, ejerci\u00f3 la docencia regentando tres c\u00e1tedras, gan\u00f3 por oposici\u00f3n la Prebenda Magistral de la Santa Iglesia de Segovia y fue obispo de Lugo desde 1.762 hasta el 12 de Marzo de 1.768 en que es promovido al Arzobispado de Zaragoza donde muri\u00f3 el 14 de Mayo de 1.777. Sus restos reposan en el nicho n\u00ba 28 de la cripta de la Santa Capilla del templo de Nuestra Se\u00f1ora del Pilar.<\/p>\n<p style=\"text-align: justify;\">Destac\u00f3 en el desempe\u00f1o de su cargo por la extrema generosidad con su propio patrimonio, realizando numerosas donaciones, entre las que destaca una corona de oro guarnecida de diamantes, rub\u00edes y topacios brillantes que mand\u00f3 hacer, en 1.775, para la Virgen del Pilar y que finalmente acab\u00f3 en manos del mariscal Lannes como regalo forzoso para dar cumplimiento a los pactos de las capitulaciones con el ej\u00e9rcito franc\u00e9s en Febrero de 1.809.<\/p>\n<p style=\"text-align: justify;\">Armas del Arzobispo<\/p>\n<p style=\"text-align: justify;\">De cuatro cuarteles: 1\u00ba El roble con el lobo pasante, orla de ocho estrellas. 2\u00ba De oro el castillo de su color partido de azur, el le\u00f3n de oro. 3\u00ba Fajado de oro y azur de cinco piezas partido de plata el le\u00f3n de su color. 4\u00ba De plata un roble de su color y dos lobos empinantes al tronco.<\/p>\n<p style=\"text-align: justify;\">A esta personalidad debemos la construcci\u00f3n de la ermita en la que durante siglos se vener\u00f3 a la patrona del Barrio.<\/p>\n<p style=\"text-align: justify;\"><a href=\"http:\/\/www.barriodemovera.es\/?attachment_id=3870\" rel=\"attachment wp-att-3870\"><img loading=\"lazy\" decoding=\"async\" class=\"size-full wp-image-3870 aligncenter\" src=\"http:\/\/www.barriodemovera.es\/wp-content\/uploads\/2023\/06\/19210910_Firma.jpg\" alt=\"\" width=\"650\" height=\"328\" srcset=\"http:\/\/www.barriodemovera.es\/wp-content\/uploads\/2023\/06\/19210910_Firma.jpg 650w, http:\/\/www.barriodemovera.es\/wp-content\/uploads\/2023\/06\/19210910_Firma-300x151.jpg 300w\" sizes=\"auto, (max-width: 650px) 100vw, 650px\" \/><\/a><\/p>\n<p><strong>Gozos a Nuestra Se\u00f1ora de Movera<\/strong><\/p>\n<p style=\"text-align: justify;\">El Arzobispo don Juan S\u00e1enz de Buruaga, concedi\u00f3 en 1.774 cien d\u00edas de indulgencia por cada oraci\u00f3n que se hiciera ante la imagen de Nuestra Se\u00f1ora de Movera.<\/p>\n<address style=\"text-align: center;\">Pues sois con Dios medianera<\/address>\n<address style=\"text-align: center;\">Y del Cielo tan amada,<\/address>\n<address style=\"text-align: center;\">Sed siempre nuestra abogada<\/address>\n<address style=\"text-align: center;\">Virgen Santa de Movera.<\/address>\n<address style=\"text-align: center;\">\u00a0<\/address>\n<address style=\"text-align: center;\">Nuestros campos visitaste<\/address>\n<address style=\"text-align: center;\">Y entre la gente sencilla<\/address>\n<address style=\"text-align: center;\">Que te adora, una capilla<\/address>\n<address style=\"text-align: center;\">Humilde, te levantaste.<\/address>\n<address style=\"text-align: center;\">\u00a0<\/address>\n<address style=\"text-align: center;\">Desde entonces no dejaste<\/address>\n<address style=\"text-align: center;\">De ver como a tu morada<\/address>\n<address style=\"text-align: center;\">Entre amante confiada<\/address>\n<address style=\"text-align: center;\">Vino la parroquia entera<\/address>\n<address style=\"text-align: center;\">Que te or\u00f3 con fe sincera<\/address>\n<address style=\"text-align: center;\">Y te dijo \u00a1madre amada!<\/address>\n<address style=\"text-align: center;\">\u00a0<\/address>\n<address style=\"text-align: center;\">Sed siempre nuestra abogada<\/address>\n<address style=\"text-align: center;\">Virgen Santa de Movera.<\/address>\n<address style=\"text-align: center;\">\u00a0<\/address>\n<address style=\"text-align: center;\">A tu sombra prosper\u00f3<\/address>\n<div>\n<address style=\"text-align: center;\">El barrio, y agradecido<\/address>\n<address style=\"text-align: center;\">Con un gran Prelado unido<\/address>\n<address style=\"text-align: center;\">Tu ermita en templo cambi\u00f3.<\/address>\n<address style=\"text-align: center;\">\u00a0<\/address>\n<address style=\"text-align: center;\">Y la devoci\u00f3n creci\u00f3<\/address>\n<address style=\"text-align: center;\">A tu imagen adorada,<\/address>\n<address style=\"text-align: center;\">Del prelado indulgenciada<\/address>\n<address style=\"text-align: center;\">La oraci\u00f3n que se te hiciera<\/address>\n<address style=\"text-align: center;\">Y escuch\u00f3se, por doquiera,<\/address>\n<address style=\"text-align: center;\">La aclamaci\u00f3n por fiada.<\/address>\n<address style=\"text-align: center;\">\u00a0<\/address>\n<address style=\"text-align: center;\">Sed siempre nuestra abogada<\/address>\n<address style=\"text-align: center;\">Virgen Santa de Movera.<\/address>\n<address style=\"text-align: center;\">\u00a0<\/address>\n<address style=\"text-align: center;\">En parroquia convertida<\/address>\n<address style=\"text-align: center;\">Tu iglesia, el pueblo ha ido a verte<\/address>\n<address style=\"text-align: center;\">Con del duelo de la muerte<\/address>\n<address style=\"text-align: center;\">Con la ilusi\u00f3n de la vida.<\/address>\n<address style=\"text-align: center;\">\u00a0<\/address>\n<address style=\"text-align: center;\">Y el alma que bendecida<\/address>\n<address style=\"text-align: center;\">Por ti en tu pila sagrada<\/address>\n<address style=\"text-align: center;\">Llega a verse un d\u00eda postrada<\/address>\n<address style=\"text-align: center;\">Por dolencia traicionera<\/address>\n<address style=\"text-align: center;\">\u00a0<\/address>\n<address style=\"text-align: center;\">Con amorosa mirada.<\/address>\n<address style=\"text-align: center;\">Te dice con su alma entera.<\/address>\n<address style=\"text-align: center;\">Sed siempre nuestra abogada<\/address>\n<address style=\"text-align: center;\">Virgen Santa de Movera.<\/address>\n<address style=\"text-align: center;\">\u00a0<\/address>\n<address style=\"text-align: center;\">Y en hermosa emulaci\u00f3n<\/address>\n<address style=\"text-align: center;\">Van tus devotos a cientos<\/address>\n<address style=\"text-align: center;\">Dando a tu iglesia ornamentos<\/address>\n<address style=\"text-align: center;\">Y mantos y adoraci\u00f3n.<\/address>\n<address style=\"text-align: center;\">\u00a0<\/address>\n<address style=\"text-align: center;\">Tu maternal coraz\u00f3n<\/address>\n<address style=\"text-align: center;\">En bendici\u00f3n continuada<\/address>\n<address style=\"text-align: center;\">Convierte en tierra abonada<\/address>\n<address style=\"text-align: center;\">Lo que antes desierto era<\/address>\n<address style=\"text-align: center;\">Y de distinta manera<\/address>\n<address style=\"text-align: center;\">Siempre o\u00eds, madre adorada.<\/address>\n<address style=\"text-align: center;\">\u00a0<\/address>\n<address style=\"text-align: center;\">Sed siempre nuestra abogada<\/address>\n<address style=\"text-align: center;\">Virgen Santa de Movera.<\/address>\n<address style=\"text-align: center;\">\u00a0<\/address>\n<address style=\"text-align: center;\">Pues sois con Dios medianera<\/address>\n<address style=\"text-align: center;\">Y del Cielo tan amada,<\/address>\n<address style=\"text-align: center;\">Sed siempre nuestra abogada<\/address>\n<address style=\"text-align: center;\">Virgen Santa de Movera.<\/address>\n<address style=\"text-align: center;\">\u00a0<\/address>\n<p style=\"text-align: center;\"><img loading=\"lazy\" decoding=\"async\" class=\"size-full wp-image-301 aligncenter\" title=\"\" src=\"http:\/\/www.barriodemovera.es\/wp-content\/uploads\/2013\/01\/Sin-t\u00edtulo-61.jpg\" alt=\"Sin t\u00edtulo-6\" width=\"251\" height=\"403\" srcset=\"http:\/\/www.barriodemovera.es\/wp-content\/uploads\/2013\/01\/Sin-t\u00edtulo-61.jpg 996w, http:\/\/www.barriodemovera.es\/wp-content\/uploads\/2013\/01\/Sin-t\u00edtulo-61-186x300.jpg 186w, http:\/\/www.barriodemovera.es\/wp-content\/uploads\/2013\/01\/Sin-t\u00edtulo-61-638x1024.jpg 638w\" sizes=\"auto, (max-width: 251px) 100vw, 251px\" \/><\/p>\n<\/div>\n","protected":false},"excerpt":{"rendered":"<p>Don Juan S\u00e1enz de Buruaga y Ortiz de Landaluce naci\u00f3 el 3 de Febrero de 1.707, en Berricano, provincia de Alava; curso sus estudios en la Universidad de Alcal\u00e1 y, con posterioridad, ejerci\u00f3 la docencia regentando tres c\u00e1tedras, gan\u00f3 por &hellip; <a href=\"http:\/\/www.barriodemovera.es\/?page_id=157\">Sigue leyendo <span class=\"meta-nav\">&rarr;<\/span><\/a><\/p>\n","protected":false},"author":1,"featured_media":0,"parent":0,"menu_order":0,"comment_status":"closed","ping_status":"closed","template":"onecolumn-page.php","meta":{"_monsterinsights_skip_tracking":false,"_monsterinsights_sitenote_active":false,"_monsterinsights_sitenote_note":"","_monsterinsights_sitenote_category":0,"footnotes":""},"class_list":["post-157","page","type-page","status-publish","hentry"],"aioseo_notices":[],"_links":{"self":[{"href":"http:\/\/www.barriodemovera.es\/index.php?rest_route=\/wp\/v2\/pages\/157","targetHints":{"allow":["GET"]}}],"collection":[{"href":"http:\/\/www.barriodemovera.es\/index.php?rest_route=\/wp\/v2\/pages"}],"about":[{"href":"http:\/\/www.barriodemovera.es\/index.php?rest_route=\/wp\/v2\/types\/page"}],"author":[{"embeddable":true,"href":"http:\/\/www.barriodemovera.es\/index.php?rest_route=\/wp\/v2\/users\/1"}],"replies":[{"embeddable":true,"href":"http:\/\/www.barriodemovera.es\/index.php?rest_route=%2Fwp%2Fv2%2Fcomments&post=157"}],"version-history":[{"count":28,"href":"http:\/\/www.barriodemovera.es\/index.php?rest_route=\/wp\/v2\/pages\/157\/revisions"}],"predecessor-version":[{"id":3874,"href":"http:\/\/www.barriodemovera.es\/index.php?rest_route=\/wp\/v2\/pages\/157\/revisions\/3874"}],"wp:attachment":[{"href":"http:\/\/www.barriodemovera.es\/index.php?rest_route=%2Fwp%2Fv2%2Fmedia&parent=157"}],"curies":[{"name":"wp","href":"https:\/\/api.w.org\/{rel}","templated":true}]}}