{"id":161,"date":"2013-01-12T16:46:16","date_gmt":"2013-01-12T15:46:16","guid":{"rendered":"http:\/\/wp.barriodemovera.es\/?page_id=161"},"modified":"2015-01-03T18:07:42","modified_gmt":"2015-01-03T17:07:42","slug":"hojitas","status":"publish","type":"page","link":"http:\/\/www.barriodemovera.es\/?page_id=161","title":{"rendered":"Hojitas"},"content":{"rendered":"<p style=\"text-align: justify;\">En 1.920 la Parroquia comienza a divulgar una publicaci\u00f3n que, aunque en su cabecera dice quincenal, su periodicidad es mensual. Esta hoja parroquial se compone de 4 p\u00e1ginas con art\u00edculos de corte religioso, an\u00e9cdotas sobre personajes de la \u00e9poca, esquelas y una informaci\u00f3n detallada del movimiento parroquial: nacimientos, matrimonios y defunciones acaecidos durante el mes. La contraportada se dedicaba a publicidad, lo que ayudaba, junto a las aportaciones de particulares,\u00a0 a poder sufragar los gastos de edici\u00f3n de la hoja parroquial.<\/p>\n<p style=\"text-align: justify;\">Hoy en d\u00eda resulta una aut\u00e9ntica joya para los investigadores por la cantidad de informaci\u00f3n que proporciona sobre la vida del barrio durante un per\u00edodo social y pol\u00edtico muy complicado.<\/p>\n<p style=\"text-align: justify;\">A continuaci\u00f3n se pueden visualizar algunos de los ejemplares conservados:<\/p>\n<p style=\"text-align: justify;\"><span style=\"text-decoration: underline;\">1920<\/span><\/p>\n<p><a href=\"http:\/\/www.barriodemovera.es\/?page_id=2972\">Enero<\/a> &#8211; <a href=\"http:\/\/www.barriodemovera.es\/?page_id=2974\">Febrero<\/a> &#8211; <a href=\"http:\/\/www.barriodemovera.es\/?page_id=2976\">Marzo<\/a> &#8211; <a href=\"http:\/\/www.barriodemovera.es\/?page_id=2978\">Abril<\/a>\u00a0&#8211; <a href=\"http:\/\/www.barriodemovera.es\/?page_id=2980\">Mayo<\/a> &#8211; <a href=\"http:\/\/www.barriodemovera.es\/?page_id=2982\">Junio<\/a> &#8211; <a href=\"http:\/\/www.barriodemovera.es\/?page_id=2985\">Julio<\/a> &#8211; <a href=\"http:\/\/www.barriodemovera.es\/?page_id=2987\">Agosto<\/a> &#8211; <a href=\"http:\/\/www.barriodemovera.es\/?page_id=3223\">Septiembre<\/a><\/p>\n<p style=\"text-align: justify;\"><span style=\"text-decoration: underline;\">1921<\/span><\/p>\n<p><a href=\"http:\/\/www.barriodemovera.es\/?page_id=3229\">Enero<\/a> &#8211; <a href=\"http:\/\/www.barriodemovera.es\/?page_id=3235\">Febrero<\/a> &#8211; <a href=\"http:\/\/www.barriodemovera.es\/?page_id=3241\">Marzo<\/a> &#8211; <a href=\"http:\/\/www.barriodemovera.es\/?page_id=3246\">Abril<\/a> &#8211; <a href=\"http:\/\/www.barriodemovera.es\/?page_id=3251\">Mayo<\/a> &#8211; <a href=\"http:\/\/www.barriodemovera.es\/?page_id=3257\">Junio<\/a> &#8211; <a href=\"http:\/\/www.barriodemovera.es\/?page_id=3263\">Julio<\/a> &#8211; <a href=\"http:\/\/www.barriodemovera.es\/?page_id=3269\">Agosto<\/a> &#8211; <a href=\"http:\/\/www.barriodemovera.es\/?page_id=3275\">Septiembre<\/a> &#8211; <a href=\"http:\/\/www.barriodemovera.es\/?page_id=3281\">Octubre<\/a> &#8211; <a href=\"http:\/\/www.barriodemovera.es\/?page_id=3287\">Noviembre<\/a> &#8211; <a href=\"http:\/\/www.barriodemovera.es\/?page_id=3294\">Diciembre<\/a><\/p>\n<p style=\"text-align: justify;\">\n","protected":false},"excerpt":{"rendered":"<p>En 1.920 la Parroquia comienza a divulgar una publicaci\u00f3n que, aunque en su cabecera dice quincenal, su periodicidad es mensual. Esta hoja parroquial se compone de 4 p\u00e1ginas con art\u00edculos de corte religioso, an\u00e9cdotas sobre personajes de la \u00e9poca, esquelas &hellip; <a href=\"http:\/\/www.barriodemovera.es\/?page_id=161\">Sigue leyendo <span class=\"meta-nav\">&rarr;<\/span><\/a><\/p>\n","protected":false},"author":1,"featured_media":0,"parent":0,"menu_order":0,"comment_status":"closed","ping_status":"closed","template":"onecolumn-page.php","meta":{"_monsterinsights_skip_tracking":false,"_monsterinsights_sitenote_active":false,"_monsterinsights_sitenote_note":"","_monsterinsights_sitenote_category":0,"footnotes":""},"class_list":["post-161","page","type-page","status-publish","hentry"],"aioseo_notices":[],"_links":{"self":[{"href":"http:\/\/www.barriodemovera.es\/index.php?rest_route=\/wp\/v2\/pages\/161","targetHints":{"allow":["GET"]}}],"collection":[{"href":"http:\/\/www.barriodemovera.es\/index.php?rest_route=\/wp\/v2\/pages"}],"about":[{"href":"http:\/\/www.barriodemovera.es\/index.php?rest_route=\/wp\/v2\/types\/page"}],"author":[{"embeddable":true,"href":"http:\/\/www.barriodemovera.es\/index.php?rest_route=\/wp\/v2\/users\/1"}],"replies":[{"embeddable":true,"href":"http:\/\/www.barriodemovera.es\/index.php?rest_route=%2Fwp%2Fv2%2Fcomments&post=161"}],"version-history":[{"count":7,"href":"http:\/\/www.barriodemovera.es\/index.php?rest_route=\/wp\/v2\/pages\/161\/revisions"}],"predecessor-version":[{"id":3300,"href":"http:\/\/www.barriodemovera.es\/index.php?rest_route=\/wp\/v2\/pages\/161\/revisions\/3300"}],"wp:attachment":[{"href":"http:\/\/www.barriodemovera.es\/index.php?rest_route=%2Fwp%2Fv2%2Fmedia&parent=161"}],"curies":[{"name":"wp","href":"https:\/\/api.w.org\/{rel}","templated":true}]}}