{"id":167,"date":"2013-01-12T16:46:58","date_gmt":"2013-01-12T15:46:58","guid":{"rendered":"http:\/\/wp.barriodemovera.es\/?page_id=167"},"modified":"2023-06-02T16:43:29","modified_gmt":"2023-06-02T14:43:29","slug":"nueva-iglesia","status":"publish","type":"page","link":"http:\/\/www.barriodemovera.es\/?page_id=167","title":{"rendered":"Nueva Iglesia"},"content":{"rendered":"<p style=\"text-align: justify;\">En sesi\u00f3n ordinaria del Excmo. Ayuntamiento de Zaragoza celebrada el 14 de Enero de 1.965 y bajo la presidencia del alcalde D. Lu\u00eds G\u00f3mez Laguna se toma el siguiente acuerdo:<\/p>\n<p style=\"text-align: justify;\"><i>Expropiar en tr\u00e1mite de avenencia y para la formaci\u00f3n de la plaza en el barrio de Movera, los siguientes terrenos propiedad de don J.R.G.: terreno en Movera, t\u00e9rmino de Urd\u00e1n, de esta Ciudad; partida de Tamariz y del Vadillo, de 5.751 m2 de superficie, que linda al sur con carretera de Pastriz; al norte y este, con resto de la finca matriz y al oeste con camino de herederos. Terreno de 200 m2 para la construcci\u00f3n de iglesia parroquial en Movera, lindante al norte, este y oeste con resto de finca matriz de la que se segrega; y al sur, con terreno adquirido por el Ayuntamiento de Zaragoza para la formaci\u00f3n de la plaza. El valor de esta expropiaci\u00f3n es de 345.060 pesetas que se abonar\u00e1n con cargo a la consignaci\u00f3n del presupuesto especial de urbanismo del a\u00f1o 1.964. Se autoriza al Alcalde para la firma de la correspondiente escritura y de cuantos documentos sean necesarios para la efectividad de este acuerdo. <\/i><\/p>\n<p style=\"text-align: justify;\">Con fecha 21 de Enero de 1.969 (n\u00ba 2326) se traslada al Ayuntamiento de Zaragoza instancia formulada por el cura p\u00e1rroco Benedicto Royo Gimeno en los siguientes t\u00e9rminos:<\/p>\n<p style=\"text-align: justify;\"><i>Es imprescindible la construcci\u00f3n de una iglesia parroquial en el barrio para el servicio religioso de sus vecinos, ya que no hay ning\u00fan local adecuado para dicho fin. Hay que tener en cuenta las siguientes circunstancias:<\/i><\/p>\n<p style=\"text-align: justify;\"><i>1\u00aa Solamente existe una peque\u00f1a ermita completamente in\u00fatil por hallarse en un extremo de la huerta, mucho m\u00e1s cerca del pueblo de Pastriz que de los vecinos de Movera.<\/i><\/p>\n<p style=\"text-align: justify;\"><i>2\u00aa La construcci\u00f3n de la nueva iglesia parroquial tendr\u00eda, aparte de su inter\u00e9s religioso, una gran importancia social en la vida del barrio, ya que se construir\u00eda en la nueva plaza donde ya el Ayuntamiento ha construido la alcald\u00eda del barrio y est\u00e1 muy avanzada la construcci\u00f3n de un moderno grupo escolar. Todo ello contribuir\u00eda a unir a los vecinos del barrio, tan diseminados, pues se tratar\u00edan m\u00e1s al tener que acudir al mismo sitio, por estar all\u00ed situados todos los servicios p\u00fablicos del barrio: alcald\u00eda y hermandad de labradores, escuelas y parroquia.<\/i><\/p>\n<p style=\"text-align: justify;\"><i>3\u00aa La iglesia se construye con los donativos del barrio y aunque haya aportaciones generosas, son muy insuficientes y la Parroquia tiene que adquirir una gran deuda que tardar\u00e1 muchos a\u00f1os en pagar. <\/i><\/p>\n<p style=\"text-align: justify;\"><i>Por todo lo expuesto, el p\u00e1rroco en nombre de los vecinos suplica al Excmo. Ayuntamiento se digne autorizar la construcci\u00f3n de dicha iglesia y casa parroquial, seg\u00fan el proyecto del arquitecto D. Joaqu\u00edn Maggioni, y conceder dicha licencia gratuitamente, dada la importancia religioso-social de la obra y de la escasez de recursos, pudi\u00e9ndose adem\u00e1s tal concesi\u00f3n como una aportaci\u00f3n del Excmo. Ayuntamiento en beneficio del barrio.<\/i><\/p>\n<p style=\"text-align: justify;\"><i>En Movera, a 17 de Enero de 1.969<\/i><\/p>\n<p style=\"text-align: justify;\">El 1 de Marzo de 1.969 se concede licencia para la construcci\u00f3n de una iglesia de 450 m2 y con un presupuesto de 2.234.736,61 pesetas.<\/p>\n<p style=\"text-align: justify;\">El coste de la licencia supone el 1,5 %, 33.521 pesetas.<\/p>\n<p style=\"text-align: justify;\">La Memoria del proyecto especifica que el terreno es propiedad de la parroquia y la superficie total del solar es de 1.000 m2. El proyecto contempla una iglesia para 300 fieles, aproximadamente y un edificio anexo destinado a vivienda para el p\u00e1rroco.<\/p>\n<p style=\"text-align: justify;\">La \u00fanica planta de que consta ocupa una superficie total construida de 450,60 m2, de los cuales 345,20 corresponden a la iglesia y sacrist\u00eda.<\/p>\n<p style=\"text-align: justify;\">La forma de la iglesia es alargada. A la derecha, mirando hacia el altar, se encontraban dos confesionarios. En el presbiterio, elevado 50 cms sobre el nivel de la zona de fieles, se encuentra el altar, situado en el centro del mismo, en la parte izquierda la pila bautismal y en la derecha el amb\u00f3n.<\/p>\n<p style=\"text-align: justify;\">Los ventanales de iluminaci\u00f3n de la iglesia est\u00e1n dispuestos de manera que la zona de presbiterio queda perfectamente iluminada.<\/p>\n<p style=\"text-align: justify;\">La cubierta est\u00e1 revestida interiormente de tabla machihembrada, tanto los dos paramentos de las cerchas, como el techo.<\/p>\n<p style=\"text-align: justify;\">La sacrist\u00eda comunica al presbiterio con la vivienda del p\u00e1rroco.<\/p>\n<p style=\"text-align: justify;\">El presupuesto de la ejecuci\u00f3n material de las obras ascendi\u00f3 a 1.995.355 pesetas.<\/p>\n<p style=\"text-align: justify;\"><img loading=\"lazy\" decoding=\"async\" class=\"size-full wp-image-292 aligncenter\" title=\"\" src=\"http:\/\/www.barriodemovera.es\/wp-content\/uploads\/2013\/01\/Sin-t\u00edtulo-151.jpg\" alt=\"Sin t\u00edtulo-15\" width=\"682\" height=\"429\" srcset=\"http:\/\/www.barriodemovera.es\/wp-content\/uploads\/2013\/01\/Sin-t\u00edtulo-151.jpg 2028w, http:\/\/www.barriodemovera.es\/wp-content\/uploads\/2013\/01\/Sin-t\u00edtulo-151-300x188.jpg 300w, http:\/\/www.barriodemovera.es\/wp-content\/uploads\/2013\/01\/Sin-t\u00edtulo-151-1024x644.jpg 1024w\" sizes=\"auto, (max-width: 682px) 100vw, 682px\" \/><\/p>\n<p style=\"text-align: center;\">1968 \u2013 Primera piedra del nuevo grupo parroquial<\/p>\n<p style=\"text-align: justify;\">Se inaugura el d\u00eda 7 de Febrero de 1.970 en solemne ceremonia, ofici\u00f3 la bendici\u00f3n el doctor don Pedro Cantero Cuadrado, arzobispo de la di\u00f3cesis.<\/p>\n<p style=\"text-align: justify;\"><img loading=\"lazy\" decoding=\"async\" class=\"size-full wp-image-600 aligncenter\" title=\"\" src=\"http:\/\/www.barriodemovera.es\/wp-content\/uploads\/2013\/01\/Sin-t\u00edtulo-16.jpg\" alt=\"Sin t\u00edtulo-16\" width=\"560\" height=\"286\" srcset=\"http:\/\/www.barriodemovera.es\/wp-content\/uploads\/2013\/01\/Sin-t\u00edtulo-16.jpg 1333w, http:\/\/www.barriodemovera.es\/wp-content\/uploads\/2013\/01\/Sin-t\u00edtulo-16-300x153.jpg 300w, http:\/\/www.barriodemovera.es\/wp-content\/uploads\/2013\/01\/Sin-t\u00edtulo-16-1024x523.jpg 1024w\" sizes=\"auto, (max-width: 560px) 100vw, 560px\" \/><\/p>\n<p style=\"text-align: center;\">1970 \u2013 Grupo escolar y parroquial<\/p>\n<p style=\"text-align: justify;\">Asistieron a los actos de bendici\u00f3n e inauguraci\u00f3n del nuevo grupo parroquial el alcalde de la ciudad, don Ces\u00e1reo Alierta; don F\u00e9lix Marug\u00e1n, diputado, en representaci\u00f3n del presidente de la Diputaci\u00f3n Provincial; el teniente de alcalde don Emilio Larrod\u00e9; el concejal delegado de ense\u00f1anza, don Jos\u00e9 Mar\u00eda Mir; el alcalde de Movera, don Pascual Casorr\u00e1n, y don Diego Arroyo Murillo, teniente jefe de l\u00ednea de la Guardia Civil.<\/p>\n<p style=\"text-align: justify;\">Al t\u00e9rmino de la bendici\u00f3n de la nueva iglesia de Nuestra Se\u00f1ora de Movera, se celebr\u00f3 una misa concelebrada que fue presidida por el Arzobispo; la ceremonia fue dirigida por el p\u00e1rroco de Alag\u00f3n, don Santiago Artigas, y en la misma intervinieron el p\u00e1rroco de Movera, don Benedicto Royo, y los p\u00e1rrocos de Alfajar\u00edn, Villafranca de Ebro y San Juan de Mozarrifar.<\/p>\n<p style=\"text-align: justify;\">En su alocuci\u00f3n, el se\u00f1or Arzobispo elogia el esfuerzo de todos los vecinos que, desinteresadamente, han contribuido a hacer realidad este proyecto y, a modo de ejemplo, cita a los ni\u00f1os del barrio, con cuyas aportaciones econ\u00f3micas se ha podido adquirir la pila bautismal.<\/p>\n<p style=\"text-align: justify;\">Posteriormente se inaugura el grupo escolar que consta de dos plantas, en las que se han habilitado seis clases, cada una de las cuales puede acoger a veinticinco alumnos.<\/p>\n<p style=\"text-align: justify;\"><strong>Iconograf\u00eda<\/strong><\/p>\n<p style=\"text-align: justify;\">Conserva algunas im\u00e1genes de la anterior iglesia, as\u00ed: Nuestra Se\u00f1ora de Movera, talla de entre fines del siglo XIII-XIV, algo tosca, en parte rehecha y repintada. Una escultura de la Virgen del Rosario, de fines del siglo XVIII, de tosca factura, y un cristo barroco, popular, de la misma \u00e9poca, con la cruz rehecha.<\/p>\n<p style=\"text-align: justify;\"><img loading=\"lazy\" decoding=\"async\" class=\" wp-image-294 alignleft\" style=\"width: 235px; height: 382px;\" title=\"\" src=\"http:\/\/www.barriodemovera.es\/wp-content\/uploads\/2013\/01\/Imagen-1263.jpg\" alt=\"Imagen 126\" width=\"329\" height=\"493\" \/> \u00a0 \u00a0 \u00a0 \u00a0 \u00a0 \u00a0 \u00a0 \u00a0 \u00a0 \u00a0 <a href=\"http:\/\/www.barriodemovera.es\/?attachment_id=3875\" rel=\"attachment wp-att-3875\"><img loading=\"lazy\" decoding=\"async\" class=\"alignnone wp-image-3875 \" src=\"http:\/\/www.barriodemovera.es\/wp-content\/uploads\/2023\/06\/Imagen-121_1-222x300.jpg\" alt=\"\" width=\"283\" height=\"383\" srcset=\"http:\/\/www.barriodemovera.es\/wp-content\/uploads\/2023\/06\/Imagen-121_1-222x300.jpg 222w, http:\/\/www.barriodemovera.es\/wp-content\/uploads\/2023\/06\/Imagen-121_1-768x1039.jpg 768w, http:\/\/www.barriodemovera.es\/wp-content\/uploads\/2023\/06\/Imagen-121_1-757x1024.jpg 757w\" sizes=\"auto, (max-width: 283px) 100vw, 283px\" \/><\/a><\/p>\n<p style=\"text-align: justify;\">Imagen de la Virgen del Pilar, donada por el Ayuntamiento de Zaragoza, talla de madera con cara y manos de marfil, realizada por el prestigioso escultor Genaro L\u00e1zaro Gumiel, Premio Nacional de Escultura.<\/p>\n<p style=\"text-align: justify;\"><a href=\"http:\/\/www.barriodemovera.es\/?attachment_id=3876\" rel=\"attachment wp-att-3876\"><img loading=\"lazy\" decoding=\"async\" class=\"size-full wp-image-3876 aligncenter\" src=\"http:\/\/www.barriodemovera.es\/wp-content\/uploads\/2023\/06\/Imagen-1282_1.jpg\" alt=\"\" width=\"264\" height=\"395\" srcset=\"http:\/\/www.barriodemovera.es\/wp-content\/uploads\/2023\/06\/Imagen-1282_1.jpg 264w, http:\/\/www.barriodemovera.es\/wp-content\/uploads\/2023\/06\/Imagen-1282_1-201x300.jpg 201w\" sizes=\"auto, (max-width: 264px) 100vw, 264px\" \/><\/a><\/p>\n<p style=\"text-align: justify;\">Fotograf\u00edas realizadas por Gustavo S\u00e1enz<\/p>\n<p>&nbsp;<\/p>\n","protected":false},"excerpt":{"rendered":"<p>En sesi\u00f3n ordinaria del Excmo. Ayuntamiento de Zaragoza celebrada el 14 de Enero de 1.965 y bajo la presidencia del alcalde D. Lu\u00eds G\u00f3mez Laguna se toma el siguiente acuerdo: Expropiar en tr\u00e1mite de avenencia y para la formaci\u00f3n de &hellip; <a href=\"http:\/\/www.barriodemovera.es\/?page_id=167\">Sigue leyendo <span class=\"meta-nav\">&rarr;<\/span><\/a><\/p>\n","protected":false},"author":1,"featured_media":0,"parent":0,"menu_order":0,"comment_status":"closed","ping_status":"closed","template":"onecolumn-page.php","meta":{"_monsterinsights_skip_tracking":false,"_monsterinsights_sitenote_active":false,"_monsterinsights_sitenote_note":"","_monsterinsights_sitenote_category":0,"footnotes":""},"class_list":["post-167","page","type-page","status-publish","hentry"],"aioseo_notices":[],"_links":{"self":[{"href":"http:\/\/www.barriodemovera.es\/index.php?rest_route=\/wp\/v2\/pages\/167","targetHints":{"allow":["GET"]}}],"collection":[{"href":"http:\/\/www.barriodemovera.es\/index.php?rest_route=\/wp\/v2\/pages"}],"about":[{"href":"http:\/\/www.barriodemovera.es\/index.php?rest_route=\/wp\/v2\/types\/page"}],"author":[{"embeddable":true,"href":"http:\/\/www.barriodemovera.es\/index.php?rest_route=\/wp\/v2\/users\/1"}],"replies":[{"embeddable":true,"href":"http:\/\/www.barriodemovera.es\/index.php?rest_route=%2Fwp%2Fv2%2Fcomments&post=167"}],"version-history":[{"count":20,"href":"http:\/\/www.barriodemovera.es\/index.php?rest_route=\/wp\/v2\/pages\/167\/revisions"}],"predecessor-version":[{"id":322,"href":"http:\/\/www.barriodemovera.es\/index.php?rest_route=\/wp\/v2\/pages\/167\/revisions\/322"}],"wp:attachment":[{"href":"http:\/\/www.barriodemovera.es\/index.php?rest_route=%2Fwp%2Fv2%2Fmedia&parent=167"}],"curies":[{"name":"wp","href":"https:\/\/api.w.org\/{rel}","templated":true}]}}