{"id":221,"date":"2013-01-12T17:51:05","date_gmt":"2013-01-12T16:51:05","guid":{"rendered":"http:\/\/wp.barriodemovera.es\/?page_id=221"},"modified":"2015-05-09T16:52:04","modified_gmt":"2015-05-09T14:52:04","slug":"censospadrones","status":"publish","type":"page","link":"http:\/\/www.barriodemovera.es\/?page_id=221","title":{"rendered":"Censos\/Padrones"},"content":{"rendered":"<p style=\"text-align: justify;\"><span style=\"text-decoration: underline;\">Censo Electoral<\/span><\/p>\n<p style=\"text-align: justify;\">El censo electoral es, de acuerdo con la definici\u00f3n de la Ley de 1907, \u201cel registro p\u00fablico en donde constan el nombre y los apellidos paterno y materno de los ciudadanos espa\u00f1oles calificados con el derecho de sufragio\u201d. Seg\u00fan la misma norma, estaba sujeto a rectificaci\u00f3n anual y se renovaba totalmente cada diez a\u00f1os. Por su propia naturaleza, la Ley tambi\u00e9n establece que \u201cdeber\u00e1 exhibirse y ponerse de manifiesto gratuitamente a quien lo pretenda\u201d.<\/p>\n<p style=\"text-align: justify;\">En la Ley de 1890 se establece que la formaci\u00f3n, revisi\u00f3n, custodia e inspecci\u00f3n del censo se encomendaba a las propias Juntas provinciales, que recib\u00edan de los Ayuntamientos las listas de todas las incidencias que pod\u00edan modificar el Censo electoral correspondiente, ocup\u00e1ndose las Junta de las posibles inclusiones, exclusiones o correcciones de errores.<\/p>\n<p style=\"text-align: justify;\">Una vez aprobado el censo por la Junta Provincial respectiva se enviaba al Bolet\u00edn Oficial de la Provincia, que lo publicaba como bolet\u00edn extraordinario.<\/p>\n<p style=\"text-align: justify;\">Si bien las elecciones democr\u00e1ticas est\u00e1n presentes en nuestro ordenamiento desde la Constituci\u00f3n de C\u00e1diz de 1812, no es hasta 1890 cuando se aprueba el sufragio universal, aunque hubo un fugaz intento en el Sexenio democr\u00e1tico (1868-1974) con la Ley Electoral de 1868 que implantaba el sufragio universal directo de varones mayores de 25 a\u00f1os. En 1890, un gobierno liberal, presidido por Sagasta, sustituye el sufragio censitario, limitado a propietarios y personas que demuestren unas determinadas \u201ccapacidades\u201d, por el derecho a voto de todos los ciudadanos varones mayores de 25 a\u00f1os.<\/p>\n<p style=\"text-align: justify;\">Junto con 1890, el otro momento importante en la historia electoral espa\u00f1ola es la aprobaci\u00f3n del voto femenino en 1931 durante la II Rep\u00fablica. Se aplic\u00f3 por primera vez en las elecciones de 1933.<\/p>\n<p style=\"text-align: justify;\">(Bolet\u00edn DARA, n\u00ba 9, Mayo 2012)<\/p>\n<p style=\"text-align: justify;\"><span style=\"text-decoration: underline;\">Padr\u00f3n de habitantes<\/span><\/p>\n<p style=\"text-align: justify;\">No hay que confundir el censo electoral con el padr\u00f3n de habitantes, este \u00faltimo es un recuento de todos y cada uno de los individuos empadronados en una localidad en un momento determinado, si bien es cierto que el censo electoral se nutre del padr\u00f3n.<\/p>\n<p style=\"text-align: justify;\">Desde tiempos remotos ha habido varios intentos de recabar esta informaci\u00f3n, unas veces llamados \u201cfogajes\u00bb, \u201ccartas de vecindad\u201d o \u201ccatastros\u201d y motivados en unos casos por intereses fiscales, otros con la buena intenci\u00f3n de realizar mejoras sociales o puramente estad\u00edsticos y administrativos, pero no es hasta mediados del siglo XIX cuando se reglamenta y legisla.<\/p>\n<p style=\"text-align: justify;\">En 1857 se realiza el primer censo de poblaci\u00f3n, estableci\u00e9ndose cada diez a\u00f1os su renovaci\u00f3n.<\/p>\n<p style=\"text-align: justify;\">Ambos documentos representan una fuente excelente para estudios geneal\u00f3gicos.<\/p>\n<p style=\"text-align: justify;\">\u00a0<a href=\"http:\/\/www.barriodemovera.es\/?page_id=990\">Parroquianos en 1.747<\/a><\/p>\n<ul>\n<li style=\"text-align: justify;\"><a href=\"http:\/\/www.barriodemovera.es\/?page_id=986\">Parroquianos en 1.753<\/a><\/li>\n<\/ul>\n<ul>\n<li style=\"text-align: justify;\"><a href=\"http:\/\/www.barriodemovera.es\/?page_id=2166\">Padr\u00f3n de 1.878<\/a><\/li>\n<li style=\"text-align: justify;\"><a href=\"http:\/\/www.barriodemovera.es\/?page_id=979\">Padr\u00f3n de 1.860<\/a><\/li>\n<li style=\"text-align: justify;\"><a href=\"http:\/\/www.barriodemovera.es\/?page_id=759\">Padr\u00f3n de 1.900<\/a><\/li>\n<\/ul>\n<ul>\n<li style=\"text-align: justify;\"><a href=\"http:\/\/www.barriodemovera.es\/?page_id=3425\">Censo Electoral de 1.890<\/a><\/li>\n<li style=\"text-align: justify;\"><a href=\"http:\/\/www.barriodemovera.es\/?page_id=3333\">Censo Electoral de 1.895<\/a><\/li>\n<li style=\"text-align: justify;\"><a href=\"http:\/\/www.barriodemovera.es\/?page_id=3348\">Censo Electoral de 1.998<\/a><\/li>\n<li style=\"text-align: justify;\"><a style=\"line-height: 1.6em;\" href=\"http:\/\/www.barriodemovera.es\/?page_id=1852\">Censo Electoral de 1.905<\/a><\/li>\n<li style=\"text-align: justify;\"><a href=\"http:\/\/www.barriodemovera.es\/?page_id=1769\">Censo Electoral de 1.909<\/a><\/li>\n<li style=\"text-align: justify;\"><a href=\"http:\/\/www.barriodemovera.es\/?page_id=3360\">Censo Electoral de 1.913<\/a><\/li>\n<li style=\"text-align: justify;\"><a href=\"http:\/\/www.barriodemovera.es\/?page_id=1784\">Censo Electoral de 1.916<\/a><\/li>\n<li style=\"text-align: justify;\"><a href=\"http:\/\/www.barriodemovera.es\/?page_id=3370\">Censo Electoral de 1.917<\/a><\/li>\n<li style=\"text-align: justify;\"><a href=\"http:\/\/www.barriodemovera.es\/?page_id=1796\">Censo Electoral de 1.920<\/a><\/li>\n<li style=\"text-align: justify;\"><a href=\"http:\/\/www.barriodemovera.es\/?page_id=3381\">Censo Electoral de 1.922<\/a><\/li>\n<li style=\"text-align: justify;\"><a href=\"http:\/\/www.barriodemovera.es\/?page_id=1415\">Censo Electoral de 1.932<\/a><\/li>\n<li style=\"text-align: justify;\"><a href=\"http:\/\/www.barriodemovera.es\/?page_id=1866\">Censo Electoral de 1.934<\/a><\/li>\n<li style=\"text-align: justify;\"><a href=\"http:\/\/www.barriodemovera.es\/?page_id=1433\">Censo Electoral de 1.955<\/a><\/li>\n<\/ul>\n<p style=\"text-align: justify;\">\n","protected":false},"excerpt":{"rendered":"<p>Censo Electoral El censo electoral es, de acuerdo con la definici\u00f3n de la Ley de 1907, \u201cel registro p\u00fablico en donde constan el nombre y los apellidos paterno y materno de los ciudadanos espa\u00f1oles calificados con el derecho de sufragio\u201d. &hellip; <a href=\"http:\/\/www.barriodemovera.es\/?page_id=221\">Sigue leyendo <span class=\"meta-nav\">&rarr;<\/span><\/a><\/p>\n","protected":false},"author":1,"featured_media":0,"parent":0,"menu_order":0,"comment_status":"closed","ping_status":"closed","template":"onecolumn-page.php","meta":{"_monsterinsights_skip_tracking":false,"_monsterinsights_sitenote_active":false,"_monsterinsights_sitenote_note":"","_monsterinsights_sitenote_category":0,"footnotes":""},"class_list":["post-221","page","type-page","status-publish","hentry"],"aioseo_notices":[],"_links":{"self":[{"href":"http:\/\/www.barriodemovera.es\/index.php?rest_route=\/wp\/v2\/pages\/221","targetHints":{"allow":["GET"]}}],"collection":[{"href":"http:\/\/www.barriodemovera.es\/index.php?rest_route=\/wp\/v2\/pages"}],"about":[{"href":"http:\/\/www.barriodemovera.es\/index.php?rest_route=\/wp\/v2\/types\/page"}],"author":[{"embeddable":true,"href":"http:\/\/www.barriodemovera.es\/index.php?rest_route=\/wp\/v2\/users\/1"}],"replies":[{"embeddable":true,"href":"http:\/\/www.barriodemovera.es\/index.php?rest_route=%2Fwp%2Fv2%2Fcomments&post=221"}],"version-history":[{"count":27,"href":"http:\/\/www.barriodemovera.es\/index.php?rest_route=\/wp\/v2\/pages\/221\/revisions"}],"predecessor-version":[{"id":3439,"href":"http:\/\/www.barriodemovera.es\/index.php?rest_route=\/wp\/v2\/pages\/221\/revisions\/3439"}],"wp:attachment":[{"href":"http:\/\/www.barriodemovera.es\/index.php?rest_route=%2Fwp%2Fv2%2Fmedia&parent=221"}],"curies":[{"name":"wp","href":"https:\/\/api.w.org\/{rel}","templated":true}]}}