{"id":2537,"date":"2014-04-06T13:49:36","date_gmt":"2014-04-06T11:49:36","guid":{"rendered":"http:\/\/www.barriodemovera.es\/?page_id=2537"},"modified":"2014-10-29T13:10:14","modified_gmt":"2014-10-29T12:10:14","slug":"archivo-documentos","status":"publish","type":"page","link":"http:\/\/www.barriodemovera.es\/?page_id=2537","title":{"rendered":"Archivo Documentos"},"content":{"rendered":"<p>&nbsp;<\/p>\n<p><img loading=\"lazy\" decoding=\"async\" class=\"size-full wp-image-3065 aligncenter\" title=\"\" src=\"http:\/\/www.barriodemovera.es\/wp-content\/uploads\/2014\/04\/1859_Bautismos.jpg\" alt=\"1859_Bautismos\" width=\"525\" height=\"699\" srcset=\"http:\/\/www.barriodemovera.es\/wp-content\/uploads\/2014\/04\/1859_Bautismos.jpg 525w, http:\/\/www.barriodemovera.es\/wp-content\/uploads\/2014\/04\/1859_Bautismos-225x300.jpg 225w\" sizes=\"auto, (max-width: 525px) 100vw, 525px\" \/><\/p>\n<p style=\"text-align: center;\">1.859\u00a0&#8211; Bautismos celebrados en el primer trimestre del a\u00f1o<\/p>\n<p><img loading=\"lazy\" decoding=\"async\" class=\"aligncenter wp-image-3148 size-full\" src=\"http:\/\/www.barriodemovera.es\/wp-content\/uploads\/2014\/04\/1908_Anuario-Riera.jpg\" alt=\"1908_Anuario Riera\" width=\"261\" height=\"400\" srcset=\"http:\/\/www.barriodemovera.es\/wp-content\/uploads\/2014\/04\/1908_Anuario-Riera.jpg 261w, http:\/\/www.barriodemovera.es\/wp-content\/uploads\/2014\/04\/1908_Anuario-Riera-195x300.jpg 195w\" sizes=\"auto, (max-width: 261px) 100vw, 261px\" \/><\/p>\n<p><img loading=\"lazy\" decoding=\"async\" class=\"aligncenter wp-image-3149 size-full\" src=\"http:\/\/www.barriodemovera.es\/wp-content\/uploads\/2014\/04\/1908_Anuario-Riera_Antonio-Uson.jpg\" alt=\"1908_Anuario Riera_Antonio Uson\" width=\"294\" height=\"557\" srcset=\"http:\/\/www.barriodemovera.es\/wp-content\/uploads\/2014\/04\/1908_Anuario-Riera_Antonio-Uson.jpg 294w, http:\/\/www.barriodemovera.es\/wp-content\/uploads\/2014\/04\/1908_Anuario-Riera_Antonio-Uson-158x300.jpg 158w\" sizes=\"auto, (max-width: 294px) 100vw, 294px\" \/><\/p>\n<p style=\"text-align: center;\">1.908 &#8211; Anuario Riera<\/p>\n<p style=\"text-align: left;\"><img loading=\"lazy\" decoding=\"async\" class=\"aligncenter wp-image-3150\" src=\"http:\/\/www.barriodemovera.es\/wp-content\/uploads\/2014\/04\/1910_Sindicato-Agricola-Catolico.jpg\" alt=\"1910_Sindicato Agricola Catolico\" width=\"375\" height=\"564\" srcset=\"http:\/\/www.barriodemovera.es\/wp-content\/uploads\/2014\/04\/1910_Sindicato-Agricola-Catolico.jpg 477w, http:\/\/www.barriodemovera.es\/wp-content\/uploads\/2014\/04\/1910_Sindicato-Agricola-Catolico-199x300.jpg 199w\" sizes=\"auto, (max-width: 375px) 100vw, 375px\" \/><\/p>\n<p style=\"text-align: center;\">1.910 &#8211; Sindicato Agr\u00edcola Cat\u00f3lico<\/p>\n<p style=\"text-align: center;\"><img loading=\"lazy\" decoding=\"async\" class=\"aligncenter wp-image-3160 size-full\" src=\"http:\/\/www.barriodemovera.es\/wp-content\/uploads\/2014\/04\/191804_Boletin-Labradores.jpg\" alt=\"191804_Boletin Labradores\" width=\"858\" height=\"1233\" srcset=\"http:\/\/www.barriodemovera.es\/wp-content\/uploads\/2014\/04\/191804_Boletin-Labradores.jpg 858w, http:\/\/www.barriodemovera.es\/wp-content\/uploads\/2014\/04\/191804_Boletin-Labradores-208x300.jpg 208w, http:\/\/www.barriodemovera.es\/wp-content\/uploads\/2014\/04\/191804_Boletin-Labradores-712x1024.jpg 712w\" sizes=\"auto, (max-width: 858px) 100vw, 858px\" \/><\/p>\n<p style=\"text-align: center;\">1.918 &#8211; Elecciones en la Asociaci\u00f3n de Labradores de Zaragoza<\/p>\n<p><img loading=\"lazy\" decoding=\"async\" class=\"size-full wp-image-3020 aligncenter\" title=\"\" src=\"http:\/\/www.barriodemovera.es\/wp-content\/uploads\/2014\/04\/192002_Sindicato-Catolico-Agricola_Junta.jpg\" alt=\"192002_Sindicato Catolico Agricola_Junta\" width=\"350\" height=\"585\" srcset=\"http:\/\/www.barriodemovera.es\/wp-content\/uploads\/2014\/04\/192002_Sindicato-Catolico-Agricola_Junta.jpg 350w, http:\/\/www.barriodemovera.es\/wp-content\/uploads\/2014\/04\/192002_Sindicato-Catolico-Agricola_Junta-179x300.jpg 179w\" sizes=\"auto, (max-width: 350px) 100vw, 350px\" \/><\/p>\n<p style=\"text-align: center;\">1.920 &#8211; Junta del Sindicato Cat\u00f3lico-Agricola de Movera<\/p>\n<p style=\"text-align: center;\"><img loading=\"lazy\" decoding=\"async\" class=\"size-full wp-image-2420 aligncenter\" title=\"\" src=\"http:\/\/www.barriodemovera.es\/wp-content\/uploads\/2013\/07\/19280318_Electra-Movera.jpg\" alt=\"19280318_Electra Movera\" width=\"675\" height=\"866\" srcset=\"http:\/\/www.barriodemovera.es\/wp-content\/uploads\/2013\/07\/19280318_Electra-Movera.jpg 675w, http:\/\/www.barriodemovera.es\/wp-content\/uploads\/2013\/07\/19280318_Electra-Movera-233x300.jpg 233w\" sizes=\"auto, (max-width: 675px) 100vw, 675px\" \/><\/p>\n<p style=\"text-align: center;\"><span style=\"font-family: Georgia, 'Bitstream Charter', serif; line-height: 20px; text-align: center;\">18.03.1928 &#8211; Electra de Movera, Besc\u00f3s y Cia<\/span><\/p>\n<p style=\"text-align: center;\"><a style=\"line-height: 1.6em;\" href=\"http:\/\/www.barriodemovera.es\/?attachment_id=3022\" rel=\"attachment wp-att-3022\"><img loading=\"lazy\" decoding=\"async\" class=\"alignnone size-full wp-image-3022\" src=\"http:\/\/www.barriodemovera.es\/wp-content\/uploads\/2014\/04\/19401207_Oficio_Ret_1.jpg\" alt=\"19401207_Oficio_Ret_1\" width=\"575\" height=\"826\" srcset=\"http:\/\/www.barriodemovera.es\/wp-content\/uploads\/2014\/04\/19401207_Oficio_Ret_1.jpg 575w, http:\/\/www.barriodemovera.es\/wp-content\/uploads\/2014\/04\/19401207_Oficio_Ret_1-208x300.jpg 208w\" sizes=\"auto, (max-width: 575px) 100vw, 575px\" \/><\/a><\/p>\n<p style=\"text-align: center;\">7.12.1940 &#8211; Oficio sobre requerimiento por responsabilidades pol\u00edticas de vecinos del Barrio<\/p>\n<p style=\"font-size: 13px; text-align: center;\"><img loading=\"lazy\" decoding=\"async\" class=\"size-full wp-image-2997 aligncenter\" title=\"\" src=\"http:\/\/www.barriodemovera.es\/wp-content\/uploads\/2014\/04\/Sin-t\u00edtulo-11_1_1.jpg\" alt=\"Sin t\u00edtulo-11_1_1\" width=\"575\" height=\"397\" srcset=\"http:\/\/www.barriodemovera.es\/wp-content\/uploads\/2014\/04\/Sin-t\u00edtulo-11_1_1.jpg 575w, http:\/\/www.barriodemovera.es\/wp-content\/uploads\/2014\/04\/Sin-t\u00edtulo-11_1_1-300x207.jpg 300w\" sizes=\"auto, (max-width: 575px) 100vw, 575px\" \/><\/p>\n<p style=\"text-align: center;\">1942 &#8211; Libreta de Abastecimiento<\/p>\n<p style=\"font-size: 13px; text-align: center;\"><img loading=\"lazy\" decoding=\"async\" class=\"size-full wp-image-2998 aligncenter\" title=\"\" src=\"http:\/\/www.barriodemovera.es\/wp-content\/uploads\/2014\/04\/Sin-t\u00edtulo-13_1_1.jpg\" alt=\"Sin t\u00edtulo-13_1_1\" width=\"575\" height=\"971\" srcset=\"http:\/\/www.barriodemovera.es\/wp-content\/uploads\/2014\/04\/Sin-t\u00edtulo-13_1_1.jpg 575w, http:\/\/www.barriodemovera.es\/wp-content\/uploads\/2014\/04\/Sin-t\u00edtulo-13_1_1-177x300.jpg 177w\" sizes=\"auto, (max-width: 575px) 100vw, 575px\" \/><\/p>\n<p style=\"text-align: center;\">1942\u00a0&#8211; Hoja de racionamiento (cupones)<\/p>\n<p style=\"font-size: 13px; text-align: center;\"><a href=\"http:\/\/www.barriodemovera.es\/?attachment_id=2999\" rel=\"attachment wp-att-2999\"><img loading=\"lazy\" decoding=\"async\" class=\"alignnone size-full wp-image-2999\" src=\"http:\/\/www.barriodemovera.es\/wp-content\/uploads\/2014\/04\/Sin-t\u00edtulo-14_1_1.jpg\" alt=\"Sin t\u00edtulo-14_1_1\" width=\"450\" height=\"383\" srcset=\"http:\/\/www.barriodemovera.es\/wp-content\/uploads\/2014\/04\/Sin-t\u00edtulo-14_1_1.jpg 450w, http:\/\/www.barriodemovera.es\/wp-content\/uploads\/2014\/04\/Sin-t\u00edtulo-14_1_1-300x255.jpg 300w\" sizes=\"auto, (max-width: 450px) 100vw, 450px\" \/><\/a><\/p>\n<p style=\"text-align: center;\">1942 &#8211; Hoja de racionamiento de \u00a0aceite<\/p>\n<p><img loading=\"lazy\" decoding=\"async\" class=\"size-full wp-image-2192 aligncenter\" title=\"\" src=\"http:\/\/www.barriodemovera.es\/wp-content\/uploads\/2013\/07\/1943_Cartilla_FF_1.jpg\" alt=\"1943_Cartilla_FF_1\" width=\"425\" height=\"598\" srcset=\"http:\/\/www.barriodemovera.es\/wp-content\/uploads\/2013\/07\/1943_Cartilla_FF_1.jpg 425w, http:\/\/www.barriodemovera.es\/wp-content\/uploads\/2013\/07\/1943_Cartilla_FF_1-213x300.jpg 213w\" sizes=\"auto, (max-width: 425px) 100vw, 425px\" \/><\/p>\n<p style=\"text-align: center;\">1943 &#8211; Cartilla de Ahorros Infantil<\/p>\n<p><img loading=\"lazy\" decoding=\"async\" class=\"size-full wp-image-2421 aligncenter\" title=\"\" src=\"http:\/\/www.barriodemovera.es\/wp-content\/uploads\/2013\/07\/19441020_Elecciones-Sindicales.jpg\" alt=\"19441020_Elecciones Sindicales\" width=\"675\" height=\"925\" srcset=\"http:\/\/www.barriodemovera.es\/wp-content\/uploads\/2013\/07\/19441020_Elecciones-Sindicales.jpg 675w, http:\/\/www.barriodemovera.es\/wp-content\/uploads\/2013\/07\/19441020_Elecciones-Sindicales-218x300.jpg 218w\" sizes=\"auto, (max-width: 675px) 100vw, 675px\" \/><\/p>\n<p style=\"text-align: center;\"><span style=\"font-family: Georgia, 'Bitstream Charter', serif; line-height: 20px; text-align: center;\">20.10.1944 &#8211; Elecciones Sindicales<\/span><\/p>\n<p style=\"text-align: center;\"><img loading=\"lazy\" decoding=\"async\" class=\"size-full wp-image-3000 aligncenter\" title=\"\" src=\"http:\/\/www.barriodemovera.es\/wp-content\/uploads\/2014\/04\/Sin-t\u00edtulo-10_1_1.jpg\" alt=\"Sin t\u00edtulo-10_1_1\" width=\"575\" height=\"564\" srcset=\"http:\/\/www.barriodemovera.es\/wp-content\/uploads\/2014\/04\/Sin-t\u00edtulo-10_1_1.jpg 575w, http:\/\/www.barriodemovera.es\/wp-content\/uploads\/2014\/04\/Sin-t\u00edtulo-10_1_1-300x294.jpg 300w\" sizes=\"auto, (max-width: 575px) 100vw, 575px\" \/><\/p>\n<p style=\"text-align: center;\">1945 &#8211; Cartilla cooperativa remolachera<\/p>\n<p><img loading=\"lazy\" decoding=\"async\" class=\"size-full wp-image-2422 aligncenter\" title=\"\" src=\"http:\/\/www.barriodemovera.es\/wp-content\/uploads\/2013\/07\/1946_Convocatoria-Concentracion.jpg\" alt=\"1946_Convocatoria Concentracion\" width=\"675\" height=\"922\" srcset=\"http:\/\/www.barriodemovera.es\/wp-content\/uploads\/2013\/07\/1946_Convocatoria-Concentracion.jpg 675w, http:\/\/www.barriodemovera.es\/wp-content\/uploads\/2013\/07\/1946_Convocatoria-Concentracion-219x300.jpg 219w\" sizes=\"auto, (max-width: 675px) 100vw, 675px\" \/><\/p>\n<p style=\"text-align: center;\">12.12.1946 &#8211; Convocatoria a un acto de adhesi\u00f3n al R\u00e9gimen<\/p>\n<p><img loading=\"lazy\" decoding=\"async\" class=\"size-full wp-image-3014 aligncenter\" title=\"\" src=\"http:\/\/www.barriodemovera.es\/wp-content\/uploads\/2014\/04\/19600921_Benedicto.jpg\" alt=\"19600921_Benedicto\" width=\"275\" height=\"407\" srcset=\"http:\/\/www.barriodemovera.es\/wp-content\/uploads\/2014\/04\/19600921_Benedicto.jpg 275w, http:\/\/www.barriodemovera.es\/wp-content\/uploads\/2014\/04\/19600921_Benedicto-202x300.jpg 202w\" sizes=\"auto, (max-width: 275px) 100vw, 275px\" \/><\/p>\n<p style=\"text-align: center;\">21.09.1960\u00a0&#8211; Presentaci\u00f3n del nuevo p\u00e1rroco<\/p>\n<p><img loading=\"lazy\" decoding=\"async\" class=\"size-full wp-image-3015 aligncenter\" title=\"\" src=\"http:\/\/www.barriodemovera.es\/wp-content\/uploads\/2014\/04\/Sin-t\u00edtulo-63_1_1.jpg\" alt=\"Sin t\u00edtulo-63_1_1\" width=\"460\" height=\"676\" srcset=\"http:\/\/www.barriodemovera.es\/wp-content\/uploads\/2014\/04\/Sin-t\u00edtulo-63_1_1.jpg 575w, http:\/\/www.barriodemovera.es\/wp-content\/uploads\/2014\/04\/Sin-t\u00edtulo-63_1_1-204x300.jpg 204w\" sizes=\"auto, (max-width: 460px) 100vw, 460px\" \/><\/p>\n<p style=\"text-align: center;\">1962\u00a0&#8211; Conversi\u00f3n de medidas de superficie (Tom\u00e1s Us\u00f3n)<\/p>\n<p style=\"text-align: left;\"><img loading=\"lazy\" decoding=\"async\" class=\"aligncenter wp-image-3151 size-full\" src=\"http:\/\/www.barriodemovera.es\/wp-content\/uploads\/2014\/04\/1968_Sorteo-Iglesia.jpg\" alt=\"1968_Sorteo Iglesia\" width=\"575\" height=\"351\" srcset=\"http:\/\/www.barriodemovera.es\/wp-content\/uploads\/2014\/04\/1968_Sorteo-Iglesia.jpg 575w, http:\/\/www.barriodemovera.es\/wp-content\/uploads\/2014\/04\/1968_Sorteo-Iglesia-300x183.jpg 300w\" sizes=\"auto, (max-width: 575px) 100vw, 575px\" \/><\/p>\n<p style=\"text-align: center;\">1.968 -Sorteo parroquial<\/p>\n","protected":false},"excerpt":{"rendered":"<p>&nbsp; 1.859\u00a0&#8211; Bautismos celebrados en el primer trimestre del a\u00f1o 1.908 &#8211; Anuario Riera 1.910 &#8211; Sindicato Agr\u00edcola Cat\u00f3lico 1.918 &#8211; Elecciones en la Asociaci\u00f3n de Labradores de Zaragoza 1.920 &#8211; Junta del Sindicato Cat\u00f3lico-Agricola de Movera 18.03.1928 &#8211; Electra &hellip; <a href=\"http:\/\/www.barriodemovera.es\/?page_id=2537\">Sigue leyendo <span class=\"meta-nav\">&rarr;<\/span><\/a><\/p>\n","protected":false},"author":1,"featured_media":0,"parent":0,"menu_order":0,"comment_status":"closed","ping_status":"closed","template":"onecolumn-page.php","meta":{"_monsterinsights_skip_tracking":false,"_monsterinsights_sitenote_active":false,"_monsterinsights_sitenote_note":"","_monsterinsights_sitenote_category":0,"footnotes":""},"class_list":["post-2537","page","type-page","status-publish","hentry"],"aioseo_notices":[],"_links":{"self":[{"href":"http:\/\/www.barriodemovera.es\/index.php?rest_route=\/wp\/v2\/pages\/2537","targetHints":{"allow":["GET"]}}],"collection":[{"href":"http:\/\/www.barriodemovera.es\/index.php?rest_route=\/wp\/v2\/pages"}],"about":[{"href":"http:\/\/www.barriodemovera.es\/index.php?rest_route=\/wp\/v2\/types\/page"}],"author":[{"embeddable":true,"href":"http:\/\/www.barriodemovera.es\/index.php?rest_route=\/wp\/v2\/users\/1"}],"replies":[{"embeddable":true,"href":"http:\/\/www.barriodemovera.es\/index.php?rest_route=%2Fwp%2Fv2%2Fcomments&post=2537"}],"version-history":[{"count":15,"href":"http:\/\/www.barriodemovera.es\/index.php?rest_route=\/wp\/v2\/pages\/2537\/revisions"}],"predecessor-version":[{"id":3161,"href":"http:\/\/www.barriodemovera.es\/index.php?rest_route=\/wp\/v2\/pages\/2537\/revisions\/3161"}],"wp:attachment":[{"href":"http:\/\/www.barriodemovera.es\/index.php?rest_route=%2Fwp%2Fv2%2Fmedia&parent=2537"}],"curies":[{"name":"wp","href":"https:\/\/api.w.org\/{rel}","templated":true}]}}