{"id":3136,"date":"2014-09-28T13:11:16","date_gmt":"2014-09-28T11:11:16","guid":{"rendered":"http:\/\/www.barriodemovera.es\/?page_id=3136"},"modified":"2014-09-28T13:11:16","modified_gmt":"2014-09-28T11:11:16","slug":"fiestas-2014","status":"publish","type":"page","link":"http:\/\/www.barriodemovera.es\/?page_id=3136","title":{"rendered":"Fiestas &#8211; 2014"},"content":{"rendered":"<p>Septiembre &#8211; 2.014<\/p>\n<p>Reinas: Vanesa Chaure, Raquel Aznar, Laura Radio, Maria Collado, Sonia Mor y Esther Claveria.<br \/>\nInfantiles:\u00a0Pilar Chaure, Lorena Lostao, Lucia Seba, Maider Escobedo y Victoria Alcaine.<\/p>\n<p>Comisi\u00f3n:\u00a0Quintos: Jorge Gasc\u00f3n, Jessica Redondo, Alberto Mo\u00f1ux, Oana Hotea, Jos\u00e9 Manuel Sancho, Marina Andr\u00e9s, Marimar Moliner y Sandra Rebollo. AMF.<\/p>\n<p><img loading=\"lazy\" decoding=\"async\" class=\"aligncenter wp-image-3137 size-full\" src=\"http:\/\/www.barriodemovera.es\/wp-content\/uploads\/2014\/09\/2014_00_1.jpg\" alt=\"2014_00_1\" width=\"475\" height=\"673\" srcset=\"http:\/\/www.barriodemovera.es\/wp-content\/uploads\/2014\/09\/2014_00_1.jpg 475w, http:\/\/www.barriodemovera.es\/wp-content\/uploads\/2014\/09\/2014_00_1-211x300.jpg 211w\" sizes=\"auto, (max-width: 475px) 100vw, 475px\" \/><\/p>\n<p><img loading=\"lazy\" decoding=\"async\" class=\"aligncenter wp-image-3138 size-full\" src=\"http:\/\/www.barriodemovera.es\/wp-content\/uploads\/2014\/09\/2014_SJ_04_1_1.jpg\" alt=\"2014_SJ_04_1_1\" width=\"425\" height=\"524\" srcset=\"http:\/\/www.barriodemovera.es\/wp-content\/uploads\/2014\/09\/2014_SJ_04_1_1.jpg 425w, http:\/\/www.barriodemovera.es\/wp-content\/uploads\/2014\/09\/2014_SJ_04_1_1-243x300.jpg 243w\" sizes=\"auto, (max-width: 425px) 100vw, 425px\" \/><\/p>\n<p><img loading=\"lazy\" decoding=\"async\" class=\"aligncenter wp-image-3139 size-full\" src=\"http:\/\/www.barriodemovera.es\/wp-content\/uploads\/2014\/09\/2014_SJ_03_1_1.jpg\" alt=\"2014_SJ_03_1_1\" width=\"425\" height=\"518\" srcset=\"http:\/\/www.barriodemovera.es\/wp-content\/uploads\/2014\/09\/2014_SJ_03_1_1.jpg 425w, http:\/\/www.barriodemovera.es\/wp-content\/uploads\/2014\/09\/2014_SJ_03_1_1-246x300.jpg 246w\" sizes=\"auto, (max-width: 425px) 100vw, 425px\" \/><\/p>\n<p><img loading=\"lazy\" decoding=\"async\" class=\"aligncenter wp-image-3140 size-full\" src=\"http:\/\/www.barriodemovera.es\/wp-content\/uploads\/2014\/09\/2014_SJ_02_1_1.jpg\" alt=\"2014_SJ_02_1_1\" width=\"425\" height=\"500\" srcset=\"http:\/\/www.barriodemovera.es\/wp-content\/uploads\/2014\/09\/2014_SJ_02_1_1.jpg 425w, http:\/\/www.barriodemovera.es\/wp-content\/uploads\/2014\/09\/2014_SJ_02_1_1-255x300.jpg 255w\" sizes=\"auto, (max-width: 425px) 100vw, 425px\" \/><\/p>\n","protected":false},"excerpt":{"rendered":"<p>Septiembre &#8211; 2.014 Reinas: Vanesa Chaure, Raquel Aznar, Laura Radio, Maria Collado, Sonia Mor y Esther Claveria. Infantiles:\u00a0Pilar Chaure, Lorena Lostao, Lucia Seba, Maider Escobedo y Victoria Alcaine. Comisi\u00f3n:\u00a0Quintos: Jorge Gasc\u00f3n, Jessica Redondo, Alberto Mo\u00f1ux, Oana Hotea, Jos\u00e9 Manuel Sancho, &hellip; <a href=\"http:\/\/www.barriodemovera.es\/?page_id=3136\">Sigue leyendo <span class=\"meta-nav\">&rarr;<\/span><\/a><\/p>\n","protected":false},"author":1,"featured_media":0,"parent":0,"menu_order":0,"comment_status":"closed","ping_status":"closed","template":"onecolumn-page.php","meta":{"_monsterinsights_skip_tracking":false,"_monsterinsights_sitenote_active":false,"_monsterinsights_sitenote_note":"","_monsterinsights_sitenote_category":0,"footnotes":""},"class_list":["post-3136","page","type-page","status-publish","hentry"],"aioseo_notices":[],"_links":{"self":[{"href":"http:\/\/www.barriodemovera.es\/index.php?rest_route=\/wp\/v2\/pages\/3136","targetHints":{"allow":["GET"]}}],"collection":[{"href":"http:\/\/www.barriodemovera.es\/index.php?rest_route=\/wp\/v2\/pages"}],"about":[{"href":"http:\/\/www.barriodemovera.es\/index.php?rest_route=\/wp\/v2\/types\/page"}],"author":[{"embeddable":true,"href":"http:\/\/www.barriodemovera.es\/index.php?rest_route=\/wp\/v2\/users\/1"}],"replies":[{"embeddable":true,"href":"http:\/\/www.barriodemovera.es\/index.php?rest_route=%2Fwp%2Fv2%2Fcomments&post=3136"}],"version-history":[{"count":2,"href":"http:\/\/www.barriodemovera.es\/index.php?rest_route=\/wp\/v2\/pages\/3136\/revisions"}],"predecessor-version":[{"id":3142,"href":"http:\/\/www.barriodemovera.es\/index.php?rest_route=\/wp\/v2\/pages\/3136\/revisions\/3142"}],"wp:attachment":[{"href":"http:\/\/www.barriodemovera.es\/index.php?rest_route=%2Fwp%2Fv2%2Fmedia&parent=3136"}],"curies":[{"name":"wp","href":"https:\/\/api.w.org\/{rel}","templated":true}]}}