{"id":3403,"date":"2015-03-15T18:36:56","date_gmt":"2015-03-15T17:36:56","guid":{"rendered":"http:\/\/www.barriodemovera.es\/?page_id=3403"},"modified":"2015-03-15T18:45:11","modified_gmt":"2015-03-15T17:45:11","slug":"leonardo-olivera-buera-beato","status":"publish","type":"page","link":"http:\/\/www.barriodemovera.es\/?page_id=3403","title":{"rendered":"Leonardo Olivera Buera (Beato)"},"content":{"rendered":"<p style=\"text-align: justify;\">Hijo de Jos\u00e9 Olivera y de Pabla Buera, naci\u00f3 el 6 de marzo de 1889 en Campo (Huesca), pueblo perteneciente a la di\u00f3cesis de Barbastro. Fue bautizado con el nombre de Leonardo Tom\u00e1s Joaqu\u00edn y despu\u00e9s de 8 a\u00f1os de residencia en Campo, donde su padre ejerc\u00eda de practicante, la familia se traslada a la cercana localidad de Castej\u00f3n de Sos en cuya parroquia desempe\u00f1\u00f3 las labores de monaguillo. Debido al prematuro fallecimiento de su padre, pasa largas temporadas con un t\u00edo sacerdote que le ayuda a desarrollar las virtudes cristianas, iniciando sus estudios como seminarista en Barbastro para continuar en Zaragoza, donde desempe\u00f1a labores de sacrist\u00e1n de las religiosas de Jerusal\u00e9n, comunidad cercana al Pilar. Esto le proporcion\u00f3 un techo y una modesta remuneraci\u00f3n, que con la ayuda de las lecciones particulares que daba a estudiantes que se lo demandaban, pudo sufragarse los estudios como externo en el seminario de San Carlos de Zaragoza hasta llegar a su ordenaci\u00f3n como sacerdote el 7 de junio de 1916.<\/p>\n<p style=\"text-align: justify;\">Durante su tiempo de estudiante public\u00f3 numerosos art\u00edculos en peri\u00f3dicos de ideolog\u00eda conservadora y cat\u00f3lica (La Hormiga de Oro, El Norte, El Pueblo Manchego, El Tradicionalista y El Debate), e incluso lleg\u00f3 a ser director del peri\u00f3dico carlista\u00a0<em>La Lucha<\/em>, que se publicaba en Zaragoza.<\/p>\n<p style=\"text-align: justify;\"><img loading=\"lazy\" decoding=\"async\" class=\"alignleft wp-image-3404 size-full\" src=\"http:\/\/www.barriodemovera.es\/wp-content\/uploads\/2015\/03\/LeonardoOlivera.jpg\" alt=\"LeonardoOlivera\" width=\"140\" height=\"195\" \/>Fue destinado como p\u00e1rroco a Movera,\u00a0donde ejerci\u00f3 su magisterio durante doce a\u00f1os. Tuvo dificultades en el ejercicio de su magisterio, pues al ser una poblaci\u00f3n muy dispersa y, adem\u00e1s, las labores agr\u00edcolas y ganaderas de sus parroquianos, imped\u00edan la asistencia de forma regular a los actos religiosos.<\/p>\n<p style=\"text-align: justify;\">Con su car\u00e1cter serio y cumplidor, super\u00f3 estos impedimentos y consigui\u00f3 que los ni\u00f1os, empleados prematuramente en los trabajos del campo, pudieran acudir a las catequesis. Hizo todo lo que pudo por cambiar la situaci\u00f3n con un trato personal y agradable, que despu\u00e9s los campesinos recordar\u00edan con agradecimiento.<\/p>\n<p style=\"text-align: justify;\">Durante su estancia en el barrio promovi\u00f3 una serie de mejoras sociales, entre las cuales destaca la construcci\u00f3n de un cementerio que todav\u00eda hoy se sigue utilizando. Esta labor no estuvo exenta de dificultades y junto con una serie de entusiastas vecinos se pudo llevar a cabo (ver <a href=\"http:\/\/www.barriodemovera.es\/?page_id=163\">Junta de Obras<\/a> ).<\/p>\n<p style=\"text-align: justify;\">El 10 de Septiembre de 1.921 don Leonardo solicita a la Diputaci\u00f3n Provincial de Zaragoza, due\u00f1a de la extensa finca de la Torre del G\u00e1llego, la cesi\u00f3n del terreno necesario para la ubicaci\u00f3n de un cementerio. D\u00edas despu\u00e9s se le notificaba la negativa a dicha cesi\u00f3n.<\/p>\n<p style=\"text-align: justify;\"><img loading=\"lazy\" decoding=\"async\" class=\"aligncenter wp-image-3406 size-full\" src=\"http:\/\/www.barriodemovera.es\/wp-content\/uploads\/2015\/03\/19210910_Firma.jpg\" alt=\"19210910_Firma\" width=\"650\" height=\"328\" srcset=\"http:\/\/www.barriodemovera.es\/wp-content\/uploads\/2015\/03\/19210910_Firma.jpg 650w, http:\/\/www.barriodemovera.es\/wp-content\/uploads\/2015\/03\/19210910_Firma-300x151.jpg 300w\" sizes=\"auto, (max-width: 650px) 100vw, 650px\" \/><\/p>\n<p style=\"text-align: justify;\">Tres a\u00f1os despu\u00e9s se retomar\u00eda el proyecto del nuevo cementerio y el propietario de la Torre del Castillo, Timoteo Marcell\u00e1n, cede el terreno necesario para tal objeto en un lugar apropiado para el mismo. Dos a\u00f1os m\u00e1s tarde y despu\u00e9s de no pocas dificultades se finalizaron las obras del nuevo camposanto.<\/p>\n<p style=\"text-align: justify;\">Posteriormente, en 1928 acepta el traslado a Barcelona para ejercer como director espiritual y capell\u00e1n en el colegio de la Bosanova, de los Hermanos del colegio de La Salle, del Instituto de las Escuelas Cristianas. Durante su estancia en el colegio escribi\u00f3 numerosos art\u00edculos en la revista del colegio.<\/p>\n<p style=\"text-align: justify;\">Estalla la Guerra Civil y en sus primeros d\u00edas, el colegio es asaltado por milicianos armados y don Leonardo resulta herido de bala en el brazo izquierdo. Seg\u00fan testimonio de los sacerdotes que presenciaron los hechos, constatan que una vez extra\u00edda la bala, don Leonardo la bes\u00f3 y dijo<strong><em>: <\/em><\/strong><em>\u201cQue Dios les perdone. No saben lo que hacen&#8230; Es mi instrumento de sufrimiento\u201d.<\/em><\/p>\n<p style=\"text-align: justify;\">Durante su estancia en la cl\u00ednica particular del doctor Rabaza donde se restablec\u00eda de la herida fue detenido y llevado a declarar ante los milicianos, durante el duro interrogatorio en ning\u00fan momento neg\u00f3 su condici\u00f3n de sacerdote. Le dejaron marchar al argumentar que deb\u00eda ser sometido a una nueva e inaplazable intervenci\u00f3n quir\u00fargica y fue convencido por sus compa\u00f1eros salesianos para que se desprendiera de la sotana, le proporcionaron un traje civil y huy\u00f3 junto a ellos a Valencia, donde viv\u00eda su hermana Aurelia.<\/p>\n<p style=\"text-align: justify;\">Dos meses despu\u00e9s de permanencia en Valencia, dos de sus compa\u00f1eros, los hermanos Honorato Andr\u00e9s y Florencio Mart\u00edn son interceptados por los milicianos en la calle y al ser identificados como hermanos de las Escuelas Cristianas son detenidos de inmediato y posteriormente se produce el arresto del hermano Ambrosio y de Leonardo. Los tres Hermanos fueron asesinados esa misma noche en un basurero de la calle Sagunto de Valencia.<\/p>\n<p style=\"text-align: justify;\">A don Leonardo le llevaron por separado y al d\u00eda siguiente su cad\u00e1ver fue encontrado a unos 8 km de Valencia, en un paraje llamado El Pinedo, en el camino que lleva a El Saler. Fue localizado e identificado por un m\u00e9dico que, con anterioridad, hab\u00eda tratado al sacerdote.<\/p>\n<p style=\"text-align: justify;\">Iniciada la causa de beatificaci\u00f3n martirial despu\u00e9s de la guerra, el proceso de beatificaci\u00f3n sigui\u00f3 su curso lento, uniendo su figura sacerdotal con el grupo de Hermanos que fueron asesinados en Valencia. El proceso culmin\u00f3 el 20 de diciembre de 1999 en la sala del consistorio y en presencia del Santo Padre, de los miembros de la Congregaci\u00f3n para las Causas de los Santos y de los postuladores, cuando se promulg\u00f3 el decreto que autorizaba a la beatificaci\u00f3n. El Papa Juan Pablo II los beatific\u00f3 el 11 de marzo de 2001\u00a0junto con sus tres Hermanos de huida a Valencia y otros dos que murieron en lugares cercanos por los mismos d\u00edas.<\/p>\n<p style=\"text-align: justify;\">El<em>\u00a0<\/em><em>Martirologio Romano<\/em><em>\u00a0<\/em>cita el 23 de octubre como d\u00eda de su martirio, pero los Hermanos de las Escuelas Cristianas lo celebran el 22 de septiembre.<\/p>\n<p style=\"text-align: justify;\"><img loading=\"lazy\" decoding=\"async\" class=\"aligncenter wp-image-3407 size-full\" src=\"http:\/\/www.barriodemovera.es\/wp-content\/uploads\/2015\/03\/23-Beato-Leonardo-Olivera-Buera-23.jpg\" alt=\"23-Beato Leonardo Olivera-Buera-23\" width=\"363\" height=\"571\" srcset=\"http:\/\/www.barriodemovera.es\/wp-content\/uploads\/2015\/03\/23-Beato-Leonardo-Olivera-Buera-23.jpg 363w, http:\/\/www.barriodemovera.es\/wp-content\/uploads\/2015\/03\/23-Beato-Leonardo-Olivera-Buera-23-190x300.jpg 190w\" sizes=\"auto, (max-width: 363px) 100vw, 363px\" \/><\/p>\n<p style=\"text-align: justify;\">Fuentes:<\/p>\n<address><a href=\"http:\/\/www.forumlibertas.com\/frontend\/forumlibertas\/noticia.php?id_noticia=31433&amp;id_seccion=79\">http:\/\/www.forumlibertas.com\/frontend\/forumlibertas\/noticia.php?id_noticia=31433&amp;id_seccion=79<\/a>\u00a0<\/address>\n<address><a href=\"http:\/\/es.catholic.net\/op\/articulos\/35568\/cat\/214\/leonardo-olivera-buera-beato.html\">http:\/\/es.catholic.net\/op\/articulos\/35568\/cat\/214\/leonardo-olivera-buera-beato.html<\/a>\u00a0<\/address>\n<address><a href=\"http:\/\/www.archizaragoza.org\/actualidad\/martires-de-la-archidiocesis-de-zaragoza-en-el-siglo-xx-i\">http:\/\/www.archizaragoza.org\/actualidad\/martires-de-la-archidiocesis-de-zaragoza-en-el-siglo-xx-i<\/a><\/address>\n<p style=\"text-align: justify;\">\n","protected":false},"excerpt":{"rendered":"<p>Hijo de Jos\u00e9 Olivera y de Pabla Buera, naci\u00f3 el 6 de marzo de 1889 en Campo (Huesca), pueblo perteneciente a la di\u00f3cesis de Barbastro. Fue bautizado con el nombre de Leonardo Tom\u00e1s Joaqu\u00edn y despu\u00e9s de 8 a\u00f1os de &hellip; <a href=\"http:\/\/www.barriodemovera.es\/?page_id=3403\">Sigue leyendo <span class=\"meta-nav\">&rarr;<\/span><\/a><\/p>\n","protected":false},"author":1,"featured_media":0,"parent":0,"menu_order":0,"comment_status":"closed","ping_status":"closed","template":"onecolumn-page.php","meta":{"_monsterinsights_skip_tracking":false,"_monsterinsights_sitenote_active":false,"_monsterinsights_sitenote_note":"","_monsterinsights_sitenote_category":0,"footnotes":""},"class_list":["post-3403","page","type-page","status-publish","hentry"],"aioseo_notices":[],"_links":{"self":[{"href":"http:\/\/www.barriodemovera.es\/index.php?rest_route=\/wp\/v2\/pages\/3403","targetHints":{"allow":["GET"]}}],"collection":[{"href":"http:\/\/www.barriodemovera.es\/index.php?rest_route=\/wp\/v2\/pages"}],"about":[{"href":"http:\/\/www.barriodemovera.es\/index.php?rest_route=\/wp\/v2\/types\/page"}],"author":[{"embeddable":true,"href":"http:\/\/www.barriodemovera.es\/index.php?rest_route=\/wp\/v2\/users\/1"}],"replies":[{"embeddable":true,"href":"http:\/\/www.barriodemovera.es\/index.php?rest_route=%2Fwp%2Fv2%2Fcomments&post=3403"}],"version-history":[{"count":3,"href":"http:\/\/www.barriodemovera.es\/index.php?rest_route=\/wp\/v2\/pages\/3403\/revisions"}],"predecessor-version":[{"id":3411,"href":"http:\/\/www.barriodemovera.es\/index.php?rest_route=\/wp\/v2\/pages\/3403\/revisions\/3411"}],"wp:attachment":[{"href":"http:\/\/www.barriodemovera.es\/index.php?rest_route=%2Fwp%2Fv2%2Fmedia&parent=3403"}],"curies":[{"name":"wp","href":"https:\/\/api.w.org\/{rel}","templated":true}]}}