{"id":3727,"date":"2020-04-20T11:03:34","date_gmt":"2020-04-20T09:03:34","guid":{"rendered":"http:\/\/www.barriodemovera.es\/?page_id=3727"},"modified":"2022-05-06T17:36:48","modified_gmt":"2022-05-06T15:36:48","slug":"fiestas-2020","status":"publish","type":"page","link":"http:\/\/www.barriodemovera.es\/?page_id=3727","title":{"rendered":"Fiestas &#8211; 2020"},"content":{"rendered":"<p>Septiembre &#8211; 2.020<\/p>\n<p>Reinas: Andrea Moral Casorr\u00e1n, Andrea Cosgaya P\u00e9rez, Laura Candial Calvano e Irene Navarro Laveaga.<\/p>\n<p>Infantiles: \u00a0Sara Escobedo Belio, Claudia Mart\u00ednez Pardos, Carlota Gracia Sancho, Irene Ur\u00e9s Lafuente, Leyra Arias Bello y Lara Sanchio S\u00e1ez.<\/p>\n<p>Comisi\u00f3n:\u00a0Quintos: Esther Claveria, Vanesa Chaure, Angel Chaure, Mar\u00eda Collado, Raquel Aznar, Sonia Mor, Pilar Padilla, Laura Radio, Iv\u00e1n Sebasti\u00e1n y Cristian Mor.<\/p>\n<p>AMF:\u00a0Sara Jalle Elena, Julia Larrosa, Alfonso Zapata, Adri\u00e1n Gim\u00e9nez, Marimar Moliner, Idoya Ballar\u00edn, Sandra Rebollo, Jos\u00e9 Maria Bailach, Jos\u00e9 Antonio Casorr\u00e1n y Jos\u00e9 Manuel Sancho.<\/p>\n<p>Debido a la situaci\u00f3n de <a href=\"https:\/\/www.boe.es\/eli\/es-ar\/l\/2020\/12\/03\/3\">alerta sanitaria<\/a>, quedan suspendidos todos los actos festivos en todo el territorio espa\u00f1ol.<\/p>\n<p>&nbsp;<\/p>\n<p>&nbsp;<\/p>\n","protected":false},"excerpt":{"rendered":"<p>Septiembre &#8211; 2.020 Reinas: Andrea Moral Casorr\u00e1n, Andrea Cosgaya P\u00e9rez, Laura Candial Calvano e Irene Navarro Laveaga. Infantiles: \u00a0Sara Escobedo Belio, Claudia Mart\u00ednez Pardos, Carlota Gracia Sancho, Irene Ur\u00e9s Lafuente, Leyra Arias Bello y Lara Sanchio S\u00e1ez. Comisi\u00f3n:\u00a0Quintos: Esther Claveria, &hellip; <a href=\"http:\/\/www.barriodemovera.es\/?page_id=3727\">Sigue leyendo <span class=\"meta-nav\">&rarr;<\/span><\/a><\/p>\n","protected":false},"author":1,"featured_media":0,"parent":0,"menu_order":0,"comment_status":"closed","ping_status":"closed","template":"onecolumn-page.php","meta":{"_monsterinsights_skip_tracking":false,"_monsterinsights_sitenote_active":false,"_monsterinsights_sitenote_note":"","_monsterinsights_sitenote_category":0,"footnotes":""},"class_list":["post-3727","page","type-page","status-publish","hentry"],"aioseo_notices":[],"_links":{"self":[{"href":"http:\/\/www.barriodemovera.es\/index.php?rest_route=\/wp\/v2\/pages\/3727","targetHints":{"allow":["GET"]}}],"collection":[{"href":"http:\/\/www.barriodemovera.es\/index.php?rest_route=\/wp\/v2\/pages"}],"about":[{"href":"http:\/\/www.barriodemovera.es\/index.php?rest_route=\/wp\/v2\/types\/page"}],"author":[{"embeddable":true,"href":"http:\/\/www.barriodemovera.es\/index.php?rest_route=\/wp\/v2\/users\/1"}],"replies":[{"embeddable":true,"href":"http:\/\/www.barriodemovera.es\/index.php?rest_route=%2Fwp%2Fv2%2Fcomments&post=3727"}],"version-history":[{"count":4,"href":"http:\/\/www.barriodemovera.es\/index.php?rest_route=\/wp\/v2\/pages\/3727\/revisions"}],"predecessor-version":[{"id":3804,"href":"http:\/\/www.barriodemovera.es\/index.php?rest_route=\/wp\/v2\/pages\/3727\/revisions\/3804"}],"wp:attachment":[{"href":"http:\/\/www.barriodemovera.es\/index.php?rest_route=%2Fwp%2Fv2%2Fmedia&parent=3727"}],"curies":[{"name":"wp","href":"https:\/\/api.w.org\/{rel}","templated":true}]}}