{"id":3807,"date":"2022-09-16T16:48:08","date_gmt":"2022-09-16T14:48:08","guid":{"rendered":"http:\/\/www.barriodemovera.es\/?page_id=3807"},"modified":"2022-09-18T16:47:25","modified_gmt":"2022-09-18T14:47:25","slug":"fiestas-2022-2","status":"publish","type":"page","link":"http:\/\/www.barriodemovera.es\/?page_id=3807","title":{"rendered":"Fiestas &#8211; 2022"},"content":{"rendered":"<p style=\"text-align: left;\">Septiembre &#8211; 2.022<\/p>\n<p style=\"text-align: left;\">Reinas: Laura Candial Calvano e Irene Navarro Laveaga.<\/p>\n<p style=\"text-align: left;\">Infantiles: <span style=\"font-family: Georgia, Bitstream Charter, serif;\"><span style=\"font-size: medium;\"><span style=\"color: #333333;\">Angela Squire Lanuza, Mar\u00eda Mu\u00f1ecas Gaspar, Martina P\u00e9rez Vouillamoz, Valeria Lafarga Gaudes, Vicky Squire Lanuza, Marta Escobedo Belio y Elizabeth Squire Lanuza.<\/span><\/span><\/span><\/p>\n<p style=\"text-align: left;\">Comisi\u00f3n:<\/p>\n<p style=\"text-align: left;\">Quintos del a\u00f1o 1995: \u00a0Mari Pilar Abad\u00eda Serrano, Oscar Escobedo Larrosa, M\u00aa Carmen Lobera Espinosa y Rodolfo Rosales Fronti\u00f1\u00e1n.<\/p>\n<p style=\"text-align: left;\">Quintos del a\u00f1o 1996: Ana Bel\u00e9n Calvano Gaudes, Marta Chaure Berges, F\u00e9lix Lanuza Ib\u00e1\u00f1ez, Jos\u00e9 Manuel Rem\u00f3n Gaudes,\u00a0 Fernando Abad\u00eda Loscertales, Yolanda Torres Garc\u00eda, Carlos P\u00e9rez Gab\u00e1s,\u00a0 Sofia Loren Blasco, \u00a0Francisco Claver\u00eda Laborda y Alicia Gaudes Moreno.<\/p>\n<p>Quintos del a\u00f1o 1997:\u00a0 Yolanda Renieblas Gracia, David Gonz\u00e1lez Moreno, Javier Ferrer Chaure, Julia M\u00aa Chaure Us\u00f3n, Victor Blanco Torcal, Nuria Gaudes Salvador, Sergio Seral Roche y Berta Lanuza.<\/p>\n<p style=\"text-align: left;\">AMF:<\/p>\n<p><span style=\"font-family: Georgia, Bitstream Charter, serif;\"><span style=\"font-size: medium;\"><span style=\"color: #333333;\">Sandra Rebollo, Adri\u00e1n Gim\u00e9nez, Jos\u00e9 Antonio Casorr\u00e1n, Alfonso Zapata, Jos\u00e9 Mar\u00eda Bailach, Jes\u00fas Romance, Idoya Ballar\u00edn, Marimar Moliner, Sara Jalle, Julia Larrosa, Paula\u00a0 y Mar\u00eda.<\/span><\/span><\/span><\/p>\n<p style=\"text-align: center;\"><a href=\"http:\/\/www.barriodemovera.es\/?attachment_id=3809\" rel=\"attachment wp-att-3809\"><img loading=\"lazy\" decoding=\"async\" class=\"size-full wp-image-3809 aligncenter\" src=\"http:\/\/www.barriodemovera.es\/wp-content\/uploads\/2022\/09\/Reinas-Juntas-B-N-2.jpg\" alt=\"\" width=\"1575\" height=\"1073\" srcset=\"http:\/\/www.barriodemovera.es\/wp-content\/uploads\/2022\/09\/Reinas-Juntas-B-N-2.jpg 1575w, http:\/\/www.barriodemovera.es\/wp-content\/uploads\/2022\/09\/Reinas-Juntas-B-N-2-300x204.jpg 300w, http:\/\/www.barriodemovera.es\/wp-content\/uploads\/2022\/09\/Reinas-Juntas-B-N-2-768x523.jpg 768w, http:\/\/www.barriodemovera.es\/wp-content\/uploads\/2022\/09\/Reinas-Juntas-B-N-2-1024x698.jpg 1024w\" sizes=\"auto, (max-width: 1575px) 100vw, 1575px\" \/><\/a><\/p>\n<p style=\"text-align: center;\"><a href=\"http:\/\/www.barriodemovera.es\/?attachment_id=3813\" rel=\"attachment wp-att-3813\"><img loading=\"lazy\" decoding=\"async\" class=\"wp-image-3813 alignright\" src=\"http:\/\/www.barriodemovera.es\/wp-content\/uploads\/2022\/09\/35-Reina-Irene-Navarro.jpg\" alt=\"\" width=\"275\" height=\"358\" srcset=\"http:\/\/www.barriodemovera.es\/wp-content\/uploads\/2022\/09\/35-Reina-Irene-Navarro.jpg 2138w, http:\/\/www.barriodemovera.es\/wp-content\/uploads\/2022\/09\/35-Reina-Irene-Navarro-230x300.jpg 230w, http:\/\/www.barriodemovera.es\/wp-content\/uploads\/2022\/09\/35-Reina-Irene-Navarro-768x1001.jpg 768w, http:\/\/www.barriodemovera.es\/wp-content\/uploads\/2022\/09\/35-Reina-Irene-Navarro-786x1024.jpg 786w\" sizes=\"auto, (max-width: 275px) 100vw, 275px\" \/><\/a><a href=\"http:\/\/www.barriodemovera.es\/?attachment_id=3812\" rel=\"attachment wp-att-3812\"><img loading=\"lazy\" decoding=\"async\" class=\"alignleft wp-image-3812\" src=\"http:\/\/www.barriodemovera.es\/wp-content\/uploads\/2022\/09\/33-Reina-Laura-Candial-230x300.jpg\" alt=\"\" width=\"275\" height=\"358\" srcset=\"http:\/\/www.barriodemovera.es\/wp-content\/uploads\/2022\/09\/33-Reina-Laura-Candial-230x300.jpg 230w, http:\/\/www.barriodemovera.es\/wp-content\/uploads\/2022\/09\/33-Reina-Laura-Candial-768x1001.jpg 768w, http:\/\/www.barriodemovera.es\/wp-content\/uploads\/2022\/09\/33-Reina-Laura-Candial-786x1024.jpg 786w\" sizes=\"auto, (max-width: 275px) 100vw, 275px\" \/><\/a><\/p>\n<p>&nbsp;<\/p>\n<p>&nbsp;<\/p>\n<p>&nbsp;<\/p>\n<p>&nbsp;<\/p>\n<p>&nbsp;<\/p>\n<p>&nbsp;<\/p>\n<p>&nbsp;<\/p>\n<p>&nbsp;<\/p>\n<p><a href=\"http:\/\/www.barriodemovera.es\/?attachment_id=3814\" rel=\"attachment wp-att-3814\"><img loading=\"lazy\" decoding=\"async\" class=\"alignright wp-image-3814\" src=\"http:\/\/www.barriodemovera.es\/wp-content\/uploads\/2022\/09\/49-Reina-Vicky-Squire_1.jpg\" alt=\"\" width=\"275\" height=\"335\" srcset=\"http:\/\/www.barriodemovera.es\/wp-content\/uploads\/2022\/09\/49-Reina-Vicky-Squire_1.jpg 1320w, http:\/\/www.barriodemovera.es\/wp-content\/uploads\/2022\/09\/49-Reina-Vicky-Squire_1-247x300.jpg 247w, http:\/\/www.barriodemovera.es\/wp-content\/uploads\/2022\/09\/49-Reina-Vicky-Squire_1-768x934.jpg 768w, http:\/\/www.barriodemovera.es\/wp-content\/uploads\/2022\/09\/49-Reina-Vicky-Squire_1-842x1024.jpg 842w\" sizes=\"auto, (max-width: 275px) 100vw, 275px\" \/><\/a><a href=\"http:\/\/www.barriodemovera.es\/?attachment_id=3816\" rel=\"attachment wp-att-3816\"><img loading=\"lazy\" decoding=\"async\" class=\"alignleft wp-image-3816\" src=\"http:\/\/www.barriodemovera.es\/wp-content\/uploads\/2022\/09\/43-Reina-Mar\u00eda-Mu\u00f1ecas_1.jpg\" alt=\"\" width=\"275\" height=\"338\" srcset=\"http:\/\/www.barriodemovera.es\/wp-content\/uploads\/2022\/09\/43-Reina-Mar\u00eda-Mu\u00f1ecas_1.jpg 1313w, http:\/\/www.barriodemovera.es\/wp-content\/uploads\/2022\/09\/43-Reina-Mar\u00eda-Mu\u00f1ecas_1-244x300.jpg 244w, http:\/\/www.barriodemovera.es\/wp-content\/uploads\/2022\/09\/43-Reina-Mar\u00eda-Mu\u00f1ecas_1-768x944.jpg 768w, http:\/\/www.barriodemovera.es\/wp-content\/uploads\/2022\/09\/43-Reina-Mar\u00eda-Mu\u00f1ecas_1-833x1024.jpg 833w\" sizes=\"auto, (max-width: 275px) 100vw, 275px\" \/><\/a><\/p>\n<p><a href=\"http:\/\/www.barriodemovera.es\/?attachment_id=3818\" rel=\"attachment wp-att-3818\"><img loading=\"lazy\" decoding=\"async\" class=\"alignright wp-image-3818\" src=\"http:\/\/www.barriodemovera.es\/wp-content\/uploads\/2022\/09\/47-Reina-Valeria-Lafarga_1.jpg\" alt=\"\" width=\"275\" height=\"329\" srcset=\"http:\/\/www.barriodemovera.es\/wp-content\/uploads\/2022\/09\/47-Reina-Valeria-Lafarga_1.jpg 1341w, http:\/\/www.barriodemovera.es\/wp-content\/uploads\/2022\/09\/47-Reina-Valeria-Lafarga_1-251x300.jpg 251w, http:\/\/www.barriodemovera.es\/wp-content\/uploads\/2022\/09\/47-Reina-Valeria-Lafarga_1-768x917.jpg 768w, http:\/\/www.barriodemovera.es\/wp-content\/uploads\/2022\/09\/47-Reina-Valeria-Lafarga_1-857x1024.jpg 857w\" sizes=\"auto, (max-width: 275px) 100vw, 275px\" \/><\/a><\/p>\n<p>&nbsp;<\/p>\n<p>&nbsp;<\/p>\n<p>&nbsp;<\/p>\n<p>&nbsp;<\/p>\n<p>&nbsp;<\/p>\n<p>&nbsp;<\/p>\n<p><a href=\"http:\/\/www.barriodemovera.es\/?attachment_id=3841\" rel=\"attachment wp-att-3841\"><img loading=\"lazy\" decoding=\"async\" class=\"alignnone wp-image-3841\" src=\"http:\/\/www.barriodemovera.es\/wp-content\/uploads\/2022\/09\/45-Reina-Martina-Perez-Vouillamoz_1.jpg\" alt=\"\" width=\"275\" height=\"334\" srcset=\"http:\/\/www.barriodemovera.es\/wp-content\/uploads\/2022\/09\/45-Reina-Martina-Perez-Vouillamoz_1.jpg 1324w, http:\/\/www.barriodemovera.es\/wp-content\/uploads\/2022\/09\/45-Reina-Martina-Perez-Vouillamoz_1-247x300.jpg 247w, http:\/\/www.barriodemovera.es\/wp-content\/uploads\/2022\/09\/45-Reina-Martina-Perez-Vouillamoz_1-768x932.jpg 768w, http:\/\/www.barriodemovera.es\/wp-content\/uploads\/2022\/09\/45-Reina-Martina-Perez-Vouillamoz_1-844x1024.jpg 844w\" sizes=\"auto, (max-width: 275px) 100vw, 275px\" \/><\/a><\/p>\n<p><a href=\"http:\/\/www.barriodemovera.es\/?attachment_id=3843\" rel=\"attachment wp-att-3843\"><img loading=\"lazy\" decoding=\"async\" class=\"alignleft wp-image-3843\" src=\"http:\/\/www.barriodemovera.es\/wp-content\/uploads\/2022\/09\/51-Reina-Marta-Escobedo_1.jpg\" alt=\"\" width=\"275\" height=\"339\" srcset=\"http:\/\/www.barriodemovera.es\/wp-content\/uploads\/2022\/09\/51-Reina-Marta-Escobedo_1.jpg 1317w, http:\/\/www.barriodemovera.es\/wp-content\/uploads\/2022\/09\/51-Reina-Marta-Escobedo_1-244x300.jpg 244w, http:\/\/www.barriodemovera.es\/wp-content\/uploads\/2022\/09\/51-Reina-Marta-Escobedo_1-768x946.jpg 768w, http:\/\/www.barriodemovera.es\/wp-content\/uploads\/2022\/09\/51-Reina-Marta-Escobedo_1-831x1024.jpg 831w\" sizes=\"auto, (max-width: 275px) 100vw, 275px\" \/><\/a><\/p>\n<p><a href=\"http:\/\/www.barriodemovera.es\/?attachment_id=3847\" rel=\"attachment wp-att-3847\"><img loading=\"lazy\" decoding=\"async\" class=\"alignright wp-image-3847\" src=\"http:\/\/www.barriodemovera.es\/wp-content\/uploads\/2022\/09\/53-Reina-Elizabeth-Squire_1.jpg\" alt=\"\" width=\"275\" height=\"338\" srcset=\"http:\/\/www.barriodemovera.es\/wp-content\/uploads\/2022\/09\/53-Reina-Elizabeth-Squire_1.jpg 1308w, http:\/\/www.barriodemovera.es\/wp-content\/uploads\/2022\/09\/53-Reina-Elizabeth-Squire_1-244x300.jpg 244w, http:\/\/www.barriodemovera.es\/wp-content\/uploads\/2022\/09\/53-Reina-Elizabeth-Squire_1-768x943.jpg 768w, http:\/\/www.barriodemovera.es\/wp-content\/uploads\/2022\/09\/53-Reina-Elizabeth-Squire_1-834x1024.jpg 834w\" sizes=\"auto, (max-width: 275px) 100vw, 275px\" \/><\/a><a href=\"http:\/\/www.barriodemovera.es\/?attachment_id=3842\" rel=\"attachment wp-att-3842\"><img loading=\"lazy\" decoding=\"async\" class=\"aligncenter wp-image-3842\" src=\"http:\/\/www.barriodemovera.es\/wp-content\/uploads\/2022\/09\/41-Reina-Angela-Squire_1-1.jpg\" alt=\"\" width=\"275\" height=\"329\" srcset=\"http:\/\/www.barriodemovera.es\/wp-content\/uploads\/2022\/09\/41-Reina-Angela-Squire_1-1.jpg 1345w, http:\/\/www.barriodemovera.es\/wp-content\/uploads\/2022\/09\/41-Reina-Angela-Squire_1-1-251x300.jpg 251w, http:\/\/www.barriodemovera.es\/wp-content\/uploads\/2022\/09\/41-Reina-Angela-Squire_1-1-768x919.jpg 768w, http:\/\/www.barriodemovera.es\/wp-content\/uploads\/2022\/09\/41-Reina-Angela-Squire_1-1-855x1024.jpg 855w\" sizes=\"auto, (max-width: 275px) 100vw, 275px\" \/><\/a><\/p>\n<p style=\"text-align: center;\"><a href=\"http:\/\/www.barriodemovera.es\/?attachment_id=3811\" rel=\"attachment wp-att-3811\"><img loading=\"lazy\" decoding=\"async\" class=\"size-full wp-image-3811 aligncenter\" src=\"http:\/\/www.barriodemovera.es\/wp-content\/uploads\/2022\/09\/Pregoneros.jpg\" alt=\"\" width=\"2934\" height=\"1805\" srcset=\"http:\/\/www.barriodemovera.es\/wp-content\/uploads\/2022\/09\/Pregoneros.jpg 2934w, http:\/\/www.barriodemovera.es\/wp-content\/uploads\/2022\/09\/Pregoneros-300x185.jpg 300w, http:\/\/www.barriodemovera.es\/wp-content\/uploads\/2022\/09\/Pregoneros-768x472.jpg 768w, http:\/\/www.barriodemovera.es\/wp-content\/uploads\/2022\/09\/Pregoneros-1024x630.jpg 1024w\" sizes=\"auto, (max-width: 2934px) 100vw, 2934px\" \/><\/a><\/p>\n<p><a href=\"http:\/\/www.barriodemovera.es\/?attachment_id=3810\" rel=\"attachment wp-att-3810\"><img loading=\"lazy\" decoding=\"async\" class=\"alignnone size-full wp-image-3810\" src=\"http:\/\/www.barriodemovera.es\/wp-content\/uploads\/2022\/09\/Junta-AMeF.jpg\" alt=\"\" width=\"4032\" height=\"3024\" srcset=\"http:\/\/www.barriodemovera.es\/wp-content\/uploads\/2022\/09\/Junta-AMeF.jpg 4032w, http:\/\/www.barriodemovera.es\/wp-content\/uploads\/2022\/09\/Junta-AMeF-300x225.jpg 300w, http:\/\/www.barriodemovera.es\/wp-content\/uploads\/2022\/09\/Junta-AMeF-768x576.jpg 768w, http:\/\/www.barriodemovera.es\/wp-content\/uploads\/2022\/09\/Junta-AMeF-1024x768.jpg 1024w\" sizes=\"auto, (max-width: 4032px) 100vw, 4032px\" \/><\/a><\/p>\n","protected":false},"excerpt":{"rendered":"<p>Septiembre &#8211; 2.022 Reinas: Laura Candial Calvano e Irene Navarro Laveaga. Infantiles: Angela Squire Lanuza, Mar\u00eda Mu\u00f1ecas Gaspar, Martina P\u00e9rez Vouillamoz, Valeria Lafarga Gaudes, Vicky Squire Lanuza, Marta Escobedo Belio y Elizabeth Squire Lanuza. Comisi\u00f3n: Quintos del a\u00f1o 1995: \u00a0Mari &hellip; <a href=\"http:\/\/www.barriodemovera.es\/?page_id=3807\">Sigue leyendo <span class=\"meta-nav\">&rarr;<\/span><\/a><\/p>\n","protected":false},"author":1,"featured_media":0,"parent":0,"menu_order":0,"comment_status":"closed","ping_status":"closed","template":"onecolumn-page.php","meta":{"_monsterinsights_skip_tracking":false,"_monsterinsights_sitenote_active":false,"_monsterinsights_sitenote_note":"","_monsterinsights_sitenote_category":0,"footnotes":""},"class_list":["post-3807","page","type-page","status-publish","hentry"],"aioseo_notices":[],"_links":{"self":[{"href":"http:\/\/www.barriodemovera.es\/index.php?rest_route=\/wp\/v2\/pages\/3807","targetHints":{"allow":["GET"]}}],"collection":[{"href":"http:\/\/www.barriodemovera.es\/index.php?rest_route=\/wp\/v2\/pages"}],"about":[{"href":"http:\/\/www.barriodemovera.es\/index.php?rest_route=\/wp\/v2\/types\/page"}],"author":[{"embeddable":true,"href":"http:\/\/www.barriodemovera.es\/index.php?rest_route=\/wp\/v2\/users\/1"}],"replies":[{"embeddable":true,"href":"http:\/\/www.barriodemovera.es\/index.php?rest_route=%2Fwp%2Fv2%2Fcomments&post=3807"}],"version-history":[{"count":10,"href":"http:\/\/www.barriodemovera.es\/index.php?rest_route=\/wp\/v2\/pages\/3807\/revisions"}],"predecessor-version":[{"id":3850,"href":"http:\/\/www.barriodemovera.es\/index.php?rest_route=\/wp\/v2\/pages\/3807\/revisions\/3850"}],"wp:attachment":[{"href":"http:\/\/www.barriodemovera.es\/index.php?rest_route=%2Fwp%2Fv2%2Fmedia&parent=3807"}],"curies":[{"name":"wp","href":"https:\/\/api.w.org\/{rel}","templated":true}]}}