{"id":3856,"date":"2023-06-02T08:38:04","date_gmt":"2023-06-02T06:38:04","guid":{"rendered":"http:\/\/www.barriodemovera.es\/?page_id=3856"},"modified":"2023-09-28T16:15:33","modified_gmt":"2023-09-28T14:15:33","slug":"fiestas-2023","status":"publish","type":"page","link":"http:\/\/www.barriodemovera.es\/?page_id=3856","title":{"rendered":"Fiestas &#8211; 2023"},"content":{"rendered":"<p style=\"text-align: left;\">Septiembre &#8211; 2.023<\/p>\n<p style=\"text-align: left;\">Reinas: Alba P\u00e9rez Grima, Julia Claver\u00eda Moliner y Daniela Cosgaya P\u00e9rez.<\/p>\n<p>Reyes: Ra\u00fal Mu\u00f1ecas Gaspar y Agust\u00edn Casaos Calvano.<\/p>\n<p style=\"text-align: left;\">Reinas Infantiles: Mar Llopis L\u00f3pez, Daniela Texeira Peixoto, Laura Moreno Bru, Claudia Navarro Lapuente, Mar Alg\u00e1rate Chamorro y Carla Besc\u00f3s Fauquet.<\/p>\n<p style=\"text-align: left;\">Comisi\u00f3n: Quintos: Paula Mu\u00f1ecas Gaspar, Alba Casorr\u00e1n Gracia, Jorge Soriano Pomar, Noelia Aladr\u00e9n Gracia y Sandra Soriano Pomar.<\/p>\n<p style=\"text-align: left;\">AMF:<\/p>\n<p><span style=\"font-family: Georgia, Bitstream Charter, serif;\"><span style=\"font-size: medium;\"><span style=\"color: #333333;\">Sara Jalle (Presidenta), Julia Larrosa (Vicepresidenta), Alfonso Zapata (Secretario); Idoia Ballar\u00edn, Mar\u00eda Herrando, Jos\u00e9 Mar\u00eda Bailach, Jes\u00fas Romance, Javier Ballar\u00edn, Jos\u00e9 Antonio Casorr\u00e1n, Adri\u00e1n Gim\u00e9nez y Mar\u00eda del Mar Moliner (Vocales);\u00a0 Leyre Arias, Irene Ur\u00e9s y Alba Sancho (Colaboradoras infantiles).<\/span><\/span><\/span><\/p>\n<p><a href=\"http:\/\/www.barriodemovera.es\/?attachment_id=3884\" rel=\"attachment wp-att-3884\"><img loading=\"lazy\" decoding=\"async\" class=\"size-full wp-image-3884 aligncenter\" src=\"http:\/\/www.barriodemovera.es\/wp-content\/uploads\/2023\/09\/2023_Portada.jpg\" alt=\"\" width=\"504\" height=\"672\" srcset=\"http:\/\/www.barriodemovera.es\/wp-content\/uploads\/2023\/09\/2023_Portada.jpg 504w, http:\/\/www.barriodemovera.es\/wp-content\/uploads\/2023\/09\/2023_Portada-225x300.jpg 225w\" sizes=\"auto, (max-width: 504px) 100vw, 504px\" \/><\/a><a href=\"http:\/\/www.barriodemovera.es\/?attachment_id=3885\" rel=\"attachment wp-att-3885\"><img loading=\"lazy\" decoding=\"async\" class=\"size-full wp-image-3885 aligncenter\" src=\"http:\/\/www.barriodemovera.es\/wp-content\/uploads\/2023\/09\/2023_Reinas_Reyes.jpg\" alt=\"\" width=\"939\" height=\"856\" srcset=\"http:\/\/www.barriodemovera.es\/wp-content\/uploads\/2023\/09\/2023_Reinas_Reyes.jpg 939w, http:\/\/www.barriodemovera.es\/wp-content\/uploads\/2023\/09\/2023_Reinas_Reyes-300x273.jpg 300w, http:\/\/www.barriodemovera.es\/wp-content\/uploads\/2023\/09\/2023_Reinas_Reyes-768x700.jpg 768w\" sizes=\"auto, (max-width: 939px) 100vw, 939px\" \/><\/a><\/p>\n<p><a href=\"http:\/\/www.barriodemovera.es\/?attachment_id=3886\" rel=\"attachment wp-att-3886\"><img loading=\"lazy\" decoding=\"async\" class=\"size-full wp-image-3886 aligncenter\" src=\"http:\/\/www.barriodemovera.es\/wp-content\/uploads\/2023\/09\/2023_Reinas-Infantiles.jpg\" alt=\"\" width=\"941\" height=\"843\" srcset=\"http:\/\/www.barriodemovera.es\/wp-content\/uploads\/2023\/09\/2023_Reinas-Infantiles.jpg 941w, http:\/\/www.barriodemovera.es\/wp-content\/uploads\/2023\/09\/2023_Reinas-Infantiles-300x269.jpg 300w, http:\/\/www.barriodemovera.es\/wp-content\/uploads\/2023\/09\/2023_Reinas-Infantiles-768x688.jpg 768w\" sizes=\"auto, (max-width: 941px) 100vw, 941px\" \/><\/a><\/p>\n<p><a href=\"http:\/\/www.barriodemovera.es\/?attachment_id=3887\" rel=\"attachment wp-att-3887\"><img loading=\"lazy\" decoding=\"async\" class=\"size-full wp-image-3887 aligncenter\" src=\"http:\/\/www.barriodemovera.es\/wp-content\/uploads\/2023\/09\/2023_Pe\u00f1a-El-Molino.jpg\" alt=\"\" width=\"785\" height=\"1065\" srcset=\"http:\/\/www.barriodemovera.es\/wp-content\/uploads\/2023\/09\/2023_Pe\u00f1a-El-Molino.jpg 785w, http:\/\/www.barriodemovera.es\/wp-content\/uploads\/2023\/09\/2023_Pe\u00f1a-El-Molino-221x300.jpg 221w, http:\/\/www.barriodemovera.es\/wp-content\/uploads\/2023\/09\/2023_Pe\u00f1a-El-Molino-768x1042.jpg 768w, http:\/\/www.barriodemovera.es\/wp-content\/uploads\/2023\/09\/2023_Pe\u00f1a-El-Molino-755x1024.jpg 755w\" sizes=\"auto, (max-width: 785px) 100vw, 785px\" \/><\/a><\/p>\n<p><a href=\"http:\/\/www.barriodemovera.es\/?attachment_id=3888\" rel=\"attachment wp-att-3888\"><img loading=\"lazy\" decoding=\"async\" class=\"size-full wp-image-3888 aligncenter\" src=\"http:\/\/www.barriodemovera.es\/wp-content\/uploads\/2023\/09\/2023_Pe\u00f1a-Los-Ambulantes_Pe\u00f1a-Cirrimangos.jpg\" alt=\"\" width=\"782\" height=\"1065\" srcset=\"http:\/\/www.barriodemovera.es\/wp-content\/uploads\/2023\/09\/2023_Pe\u00f1a-Los-Ambulantes_Pe\u00f1a-Cirrimangos.jpg 782w, http:\/\/www.barriodemovera.es\/wp-content\/uploads\/2023\/09\/2023_Pe\u00f1a-Los-Ambulantes_Pe\u00f1a-Cirrimangos-220x300.jpg 220w, http:\/\/www.barriodemovera.es\/wp-content\/uploads\/2023\/09\/2023_Pe\u00f1a-Los-Ambulantes_Pe\u00f1a-Cirrimangos-768x1046.jpg 768w, http:\/\/www.barriodemovera.es\/wp-content\/uploads\/2023\/09\/2023_Pe\u00f1a-Los-Ambulantes_Pe\u00f1a-Cirrimangos-752x1024.jpg 752w\" sizes=\"auto, (max-width: 782px) 100vw, 782px\" \/><\/a><\/p>\n<p>&nbsp;<\/p>\n","protected":false},"excerpt":{"rendered":"<p>Septiembre &#8211; 2.023 Reinas: Alba P\u00e9rez Grima, Julia Claver\u00eda Moliner y Daniela Cosgaya P\u00e9rez. Reyes: Ra\u00fal Mu\u00f1ecas Gaspar y Agust\u00edn Casaos Calvano. Reinas Infantiles: Mar Llopis L\u00f3pez, Daniela Texeira Peixoto, Laura Moreno Bru, Claudia Navarro Lapuente, Mar Alg\u00e1rate Chamorro y &hellip; <a href=\"http:\/\/www.barriodemovera.es\/?page_id=3856\">Sigue leyendo <span class=\"meta-nav\">&rarr;<\/span><\/a><\/p>\n","protected":false},"author":1,"featured_media":0,"parent":0,"menu_order":0,"comment_status":"closed","ping_status":"closed","template":"onecolumn-page.php","meta":{"_monsterinsights_skip_tracking":false,"_monsterinsights_sitenote_active":false,"_monsterinsights_sitenote_note":"","_monsterinsights_sitenote_category":0,"footnotes":""},"class_list":["post-3856","page","type-page","status-publish","hentry"],"aioseo_notices":[],"_links":{"self":[{"href":"http:\/\/www.barriodemovera.es\/index.php?rest_route=\/wp\/v2\/pages\/3856","targetHints":{"allow":["GET"]}}],"collection":[{"href":"http:\/\/www.barriodemovera.es\/index.php?rest_route=\/wp\/v2\/pages"}],"about":[{"href":"http:\/\/www.barriodemovera.es\/index.php?rest_route=\/wp\/v2\/types\/page"}],"author":[{"embeddable":true,"href":"http:\/\/www.barriodemovera.es\/index.php?rest_route=\/wp\/v2\/users\/1"}],"replies":[{"embeddable":true,"href":"http:\/\/www.barriodemovera.es\/index.php?rest_route=%2Fwp%2Fv2%2Fcomments&post=3856"}],"version-history":[{"count":6,"href":"http:\/\/www.barriodemovera.es\/index.php?rest_route=\/wp\/v2\/pages\/3856\/revisions"}],"predecessor-version":[{"id":3880,"href":"http:\/\/www.barriodemovera.es\/index.php?rest_route=\/wp\/v2\/pages\/3856\/revisions\/3880"}],"wp:attachment":[{"href":"http:\/\/www.barriodemovera.es\/index.php?rest_route=%2Fwp%2Fv2%2Fmedia&parent=3856"}],"curies":[{"name":"wp","href":"https:\/\/api.w.org\/{rel}","templated":true}]}}