{"id":3891,"date":"2024-04-28T19:29:59","date_gmt":"2024-04-28T17:29:59","guid":{"rendered":"http:\/\/www.barriodemovera.es\/?page_id=3891"},"modified":"2025-09-20T16:52:08","modified_gmt":"2025-09-20T14:52:08","slug":"fiestas-2024","status":"publish","type":"page","link":"http:\/\/www.barriodemovera.es\/?page_id=3891","title":{"rendered":"Fiestas &#8211; 2024"},"content":{"rendered":"<p style=\"text-align: left;\">Septiembre &#8211; 2.024<\/p>\n<p style=\"text-align: left;\">Reinas: Irene Navarro Chaure, Claudia Calavera Estremar, Alba Lostao Oll\u00e9s, Sara Torices Medrano y Natalia Garc\u00eda Olivares.<\/p>\n<p>Reyes: Diego Hernando Alcay y Roberto Bosqued Abad\u00eda.<\/p>\n<p style=\"text-align: left;\">Reinas Infantiles: Elena Rubio Mart\u00edn y Daniela Torices Medrano.<\/p>\n<p>Reyes Infantiles: Mateo Aznar Gaspar, Gabriel Vicente Rem\u00f3n, Alejo Romance Bello y Alejandro Jim\u00e9nez P\u00e9rez.<\/p>\n<p>Quintos: Elena Chaure, Andrea Abad\u00eda, Borja S\u00e1nchez, Mar\u00eda Hernando, Javier Ballar\u00edn, Pablo Escanilla y V\u00edctor Mart\u00ednez.<\/p>\n<p style=\"text-align: left;\">AMF: Laura Candial, Javier Ballar\u00edn, Sandra Soriano, Jos\u00e9 Antonio Casorr\u00e1n, Alba Casorr\u00e1n, Agust\u00edn Casaos, Idoya Ballar\u00edn, Paula Mu\u00f1ecas, Jorge Soriano y Mar\u00eda Hernando.<\/p>\n<p style=\"text-align: left;\"><a href=\"http:\/\/www.barriodemovera.es\/?attachment_id=3901\" rel=\"attachment wp-att-3901\"><img loading=\"lazy\" decoding=\"async\" class=\"size-full wp-image-3901 aligncenter\" src=\"http:\/\/www.barriodemovera.es\/wp-content\/uploads\/2024\/09\/00_Portada.jpg\" alt=\"\" width=\"406\" height=\"576\" srcset=\"http:\/\/www.barriodemovera.es\/wp-content\/uploads\/2024\/09\/00_Portada.jpg 406w, http:\/\/www.barriodemovera.es\/wp-content\/uploads\/2024\/09\/00_Portada-211x300.jpg 211w\" sizes=\"auto, (max-width: 406px) 100vw, 406px\" \/><\/a><\/p>\n<p><a href=\"http:\/\/www.barriodemovera.es\/?attachment_id=3904\" rel=\"attachment wp-att-3904\"><img loading=\"lazy\" decoding=\"async\" class=\"size-full wp-image-3904 aligncenter\" src=\"http:\/\/www.barriodemovera.es\/wp-content\/uploads\/2024\/09\/Grupo-Reinas_Reyes_2024_Red.jpg\" alt=\"\" width=\"1250\" height=\"1693\" srcset=\"http:\/\/www.barriodemovera.es\/wp-content\/uploads\/2024\/09\/Grupo-Reinas_Reyes_2024_Red.jpg 1250w, http:\/\/www.barriodemovera.es\/wp-content\/uploads\/2024\/09\/Grupo-Reinas_Reyes_2024_Red-222x300.jpg 222w, http:\/\/www.barriodemovera.es\/wp-content\/uploads\/2024\/09\/Grupo-Reinas_Reyes_2024_Red-756x1024.jpg 756w, http:\/\/www.barriodemovera.es\/wp-content\/uploads\/2024\/09\/Grupo-Reinas_Reyes_2024_Red-768x1040.jpg 768w, http:\/\/www.barriodemovera.es\/wp-content\/uploads\/2024\/09\/Grupo-Reinas_Reyes_2024_Red-1134x1536.jpg 1134w\" sizes=\"auto, (max-width: 1250px) 100vw, 1250px\" \/><\/a><\/p>\n<p><a href=\"http:\/\/www.barriodemovera.es\/?attachment_id=3905\" rel=\"attachment wp-att-3905\"><img loading=\"lazy\" decoding=\"async\" class=\"size-full wp-image-3905 aligncenter\" src=\"http:\/\/www.barriodemovera.es\/wp-content\/uploads\/2024\/09\/Grupo-Reinas_Reyes_Infantiles_2024_Red.jpg\" alt=\"\" width=\"1250\" height=\"1159\" srcset=\"http:\/\/www.barriodemovera.es\/wp-content\/uploads\/2024\/09\/Grupo-Reinas_Reyes_Infantiles_2024_Red.jpg 1250w, http:\/\/www.barriodemovera.es\/wp-content\/uploads\/2024\/09\/Grupo-Reinas_Reyes_Infantiles_2024_Red-300x278.jpg 300w, http:\/\/www.barriodemovera.es\/wp-content\/uploads\/2024\/09\/Grupo-Reinas_Reyes_Infantiles_2024_Red-1024x949.jpg 1024w, http:\/\/www.barriodemovera.es\/wp-content\/uploads\/2024\/09\/Grupo-Reinas_Reyes_Infantiles_2024_Red-768x712.jpg 768w\" sizes=\"auto, (max-width: 1250px) 100vw, 1250px\" \/><\/a><\/p>\n<p><a href=\"http:\/\/www.barriodemovera.es\/?attachment_id=3958\" rel=\"attachment wp-att-3958\"><img loading=\"lazy\" decoding=\"async\" class=\"size-full wp-image-3958 aligncenter\" src=\"http:\/\/www.barriodemovera.es\/wp-content\/uploads\/2024\/11\/1725985560367.jpg\" alt=\"\" width=\"1080\" height=\"665\" srcset=\"http:\/\/www.barriodemovera.es\/wp-content\/uploads\/2024\/11\/1725985560367.jpg 1080w, http:\/\/www.barriodemovera.es\/wp-content\/uploads\/2024\/11\/1725985560367-300x185.jpg 300w, http:\/\/www.barriodemovera.es\/wp-content\/uploads\/2024\/11\/1725985560367-1024x631.jpg 1024w, http:\/\/www.barriodemovera.es\/wp-content\/uploads\/2024\/11\/1725985560367-768x473.jpg 768w\" sizes=\"auto, (max-width: 1080px) 100vw, 1080px\" \/><\/a><\/p>\n","protected":false},"excerpt":{"rendered":"<p>Septiembre &#8211; 2.024 Reinas: Irene Navarro Chaure, Claudia Calavera Estremar, Alba Lostao Oll\u00e9s, Sara Torices Medrano y Natalia Garc\u00eda Olivares. Reyes: Diego Hernando Alcay y Roberto Bosqued Abad\u00eda. Reinas Infantiles: Elena Rubio Mart\u00edn y Daniela Torices Medrano. Reyes Infantiles: Mateo &hellip; <a href=\"http:\/\/www.barriodemovera.es\/?page_id=3891\">Sigue leyendo <span class=\"meta-nav\">&rarr;<\/span><\/a><\/p>\n","protected":false},"author":1,"featured_media":0,"parent":0,"menu_order":0,"comment_status":"closed","ping_status":"closed","template":"onecolumn-page.php","meta":{"_monsterinsights_skip_tracking":false,"_monsterinsights_sitenote_active":false,"_monsterinsights_sitenote_note":"","_monsterinsights_sitenote_category":0,"footnotes":""},"class_list":["post-3891","page","type-page","status-publish","hentry"],"aioseo_notices":[],"_links":{"self":[{"href":"http:\/\/www.barriodemovera.es\/index.php?rest_route=\/wp\/v2\/pages\/3891","targetHints":{"allow":["GET"]}}],"collection":[{"href":"http:\/\/www.barriodemovera.es\/index.php?rest_route=\/wp\/v2\/pages"}],"about":[{"href":"http:\/\/www.barriodemovera.es\/index.php?rest_route=\/wp\/v2\/types\/page"}],"author":[{"embeddable":true,"href":"http:\/\/www.barriodemovera.es\/index.php?rest_route=\/wp\/v2\/users\/1"}],"replies":[{"embeddable":true,"href":"http:\/\/www.barriodemovera.es\/index.php?rest_route=%2Fwp%2Fv2%2Fcomments&post=3891"}],"version-history":[{"count":6,"href":"http:\/\/www.barriodemovera.es\/index.php?rest_route=\/wp\/v2\/pages\/3891\/revisions"}],"predecessor-version":[{"id":3976,"href":"http:\/\/www.barriodemovera.es\/index.php?rest_route=\/wp\/v2\/pages\/3891\/revisions\/3976"}],"wp:attachment":[{"href":"http:\/\/www.barriodemovera.es\/index.php?rest_route=%2Fwp%2Fv2%2Fmedia&parent=3891"}],"curies":[{"name":"wp","href":"https:\/\/api.w.org\/{rel}","templated":true}]}}