{"id":3963,"date":"2025-06-06T12:58:22","date_gmt":"2025-06-06T10:58:22","guid":{"rendered":"http:\/\/www.barriodemovera.es\/?page_id=3963"},"modified":"2025-09-23T17:12:21","modified_gmt":"2025-09-23T15:12:21","slug":"fiestas-2025","status":"publish","type":"page","link":"http:\/\/www.barriodemovera.es\/?page_id=3963","title":{"rendered":"Fiestas &#8211; 2025"},"content":{"rendered":"<p style=\"text-align: left;\">Septiembre &#8211; 2.025<\/p>\n<p style=\"text-align: left;\">Reinas: Lara Omedes Lucea y Cecilia Jim\u00e9nez P\u00e9rez.<\/p>\n<p style=\"text-align: left;\">Reinas Infantiles: Martina Jim\u00e9nez Zapata, Martina Garijo Vivanco, Vera Berges Mill\u00e1n, Ara Garc\u00eda Egea y Mara Claver\u00eda Larena.<\/p>\n<p>Quintos: Ioane Gaudes Clavijo, Jaime Navarro Chaure, Pilar Chaure Abad\u00eda, Maider Escobedo Echeverria y Alejandro Plaza.<\/p>\n<p>Pregoneros: Ra\u00fal Ures Amador, Cristina Uche Chaure, Ana Ferrer Chaure y David Asensio Corrales.<\/p>\n<p style=\"text-align: left;\">AMF: Laura Candial, Javier Ballar\u00edn, Sandra Soriano, Jos\u00e9 Antonio Casorr\u00e1n, Alba Casorr\u00e1n, Agust\u00edn Casaos, Idoya Ballar\u00edn, Paula Mu\u00f1ecas, Jorge Soriano y Mar\u00eda Hernando.<\/p>\n<p style=\"text-align: left;\"><a href=\"http:\/\/www.barriodemovera.es\/?attachment_id=3971\" rel=\"attachment wp-att-3971\"><img loading=\"lazy\" decoding=\"async\" class=\"aligncenter wp-image-3971 size-full\" src=\"http:\/\/www.barriodemovera.es\/wp-content\/uploads\/2025\/09\/00_Portada_1.jpg\" alt=\"\" width=\"750\" height=\"1056\" srcset=\"http:\/\/www.barriodemovera.es\/wp-content\/uploads\/2025\/09\/00_Portada_1.jpg 750w, http:\/\/www.barriodemovera.es\/wp-content\/uploads\/2025\/09\/00_Portada_1-213x300.jpg 213w, http:\/\/www.barriodemovera.es\/wp-content\/uploads\/2025\/09\/00_Portada_1-727x1024.jpg 727w\" sizes=\"auto, (max-width: 750px) 100vw, 750px\" \/><\/a><\/p>\n<p><a href=\"http:\/\/www.barriodemovera.es\/?attachment_id=3973\" rel=\"attachment wp-att-3973\"><img loading=\"lazy\" decoding=\"async\" class=\"size-full wp-image-3973 aligncenter\" src=\"http:\/\/www.barriodemovera.es\/wp-content\/uploads\/2025\/09\/98_Reinas.jpg\" alt=\"\" width=\"1460\" height=\"1024\" srcset=\"http:\/\/www.barriodemovera.es\/wp-content\/uploads\/2025\/09\/98_Reinas.jpg 1460w, http:\/\/www.barriodemovera.es\/wp-content\/uploads\/2025\/09\/98_Reinas-300x210.jpg 300w, http:\/\/www.barriodemovera.es\/wp-content\/uploads\/2025\/09\/98_Reinas-1024x718.jpg 1024w, http:\/\/www.barriodemovera.es\/wp-content\/uploads\/2025\/09\/98_Reinas-768x539.jpg 768w\" sizes=\"auto, (max-width: 1460px) 100vw, 1460px\" \/><\/a><a href=\"http:\/\/www.barriodemovera.es\/?attachment_id=3974\" rel=\"attachment wp-att-3974\"><img loading=\"lazy\" decoding=\"async\" class=\"size-full wp-image-3974 aligncenter\" src=\"http:\/\/www.barriodemovera.es\/wp-content\/uploads\/2025\/09\/99_Reinas-Infantiles_1.jpg\" alt=\"\" width=\"1250\" height=\"1155\" srcset=\"http:\/\/www.barriodemovera.es\/wp-content\/uploads\/2025\/09\/99_Reinas-Infantiles_1.jpg 1250w, http:\/\/www.barriodemovera.es\/wp-content\/uploads\/2025\/09\/99_Reinas-Infantiles_1-300x277.jpg 300w, http:\/\/www.barriodemovera.es\/wp-content\/uploads\/2025\/09\/99_Reinas-Infantiles_1-1024x946.jpg 1024w, http:\/\/www.barriodemovera.es\/wp-content\/uploads\/2025\/09\/99_Reinas-Infantiles_1-768x710.jpg 768w\" sizes=\"auto, (max-width: 1250px) 100vw, 1250px\" \/><\/a><\/p>\n<p>&nbsp;<\/p>\n","protected":false},"excerpt":{"rendered":"<p>Septiembre &#8211; 2.025 Reinas: Lara Omedes Lucea y Cecilia Jim\u00e9nez P\u00e9rez. Reinas Infantiles: Martina Jim\u00e9nez Zapata, Martina Garijo Vivanco, Vera Berges Mill\u00e1n, Ara Garc\u00eda Egea y Mara Claver\u00eda Larena. Quintos: Ioane Gaudes Clavijo, Jaime Navarro Chaure, Pilar Chaure Abad\u00eda, Maider &hellip; <a href=\"http:\/\/www.barriodemovera.es\/?page_id=3963\">Sigue leyendo <span class=\"meta-nav\">&rarr;<\/span><\/a><\/p>\n","protected":false},"author":1,"featured_media":0,"parent":0,"menu_order":0,"comment_status":"closed","ping_status":"closed","template":"onecolumn-page.php","meta":{"_monsterinsights_skip_tracking":false,"_monsterinsights_sitenote_active":false,"_monsterinsights_sitenote_note":"","_monsterinsights_sitenote_category":0,"footnotes":""},"class_list":["post-3963","page","type-page","status-publish","hentry"],"aioseo_notices":[],"_links":{"self":[{"href":"http:\/\/www.barriodemovera.es\/index.php?rest_route=\/wp\/v2\/pages\/3963","targetHints":{"allow":["GET"]}}],"collection":[{"href":"http:\/\/www.barriodemovera.es\/index.php?rest_route=\/wp\/v2\/pages"}],"about":[{"href":"http:\/\/www.barriodemovera.es\/index.php?rest_route=\/wp\/v2\/types\/page"}],"author":[{"embeddable":true,"href":"http:\/\/www.barriodemovera.es\/index.php?rest_route=\/wp\/v2\/users\/1"}],"replies":[{"embeddable":true,"href":"http:\/\/www.barriodemovera.es\/index.php?rest_route=%2Fwp%2Fv2%2Fcomments&post=3963"}],"version-history":[{"count":4,"href":"http:\/\/www.barriodemovera.es\/index.php?rest_route=\/wp\/v2\/pages\/3963\/revisions"}],"predecessor-version":[{"id":3977,"href":"http:\/\/www.barriodemovera.es\/index.php?rest_route=\/wp\/v2\/pages\/3963\/revisions\/3977"}],"wp:attachment":[{"href":"http:\/\/www.barriodemovera.es\/index.php?rest_route=%2Fwp%2Fv2%2Fmedia&parent=3963"}],"curies":[{"name":"wp","href":"https:\/\/api.w.org\/{rel}","templated":true}]}}